{"id":1246,"date":"2023-10-14T03:43:26","date_gmt":"2023-10-14T03:43:26","guid":{"rendered":"https:\/\/kaskipaja.net\/kaski\/?page_id=1246"},"modified":"2023-10-14T03:43:26","modified_gmt":"2023-10-14T03:43:26","slug":"sitaatteja-tv-sarjat","status":"publish","type":"page","link":"https:\/\/kaskipaja.net\/kaski\/sitaatteja-tv-sarjat\/","title":{"rendered":"Sitaatteja: tv-sarjat"},"content":{"rendered":"<p>\u201d Tutkiskelkaa el\u00e4m\u00e4\u00e4nne \u2013<br \/>\nSuunnatkaa voimanne ylev\u00e4mp\u00e4\u00e4n \u2013<br \/>\nPuhaltakaa yhteen hiileen \u2013<br \/>\nOlkaa hy\u00f6dyllisi\u00e4 vainolaisen uhkaamalle kansakunnallenne \u2013<\/p>\n<p>\u201d (Kuuno Jalmari Kaunokoski &#8211; Tv-sarjassa Akkaa p\u00e4\u00e4lle)<\/p>\n","protected":false},"excerpt":{"rendered":"<p>\u201d Tutkiskelkaa el\u00e4m\u00e4\u00e4nne \u2013 Suunnatkaa voimanne ylev\u00e4mp\u00e4\u00e4n \u2013 Puhaltakaa yhteen hiileen \u2013 Olkaa hy\u00f6dyllisi\u00e4 vainolaisen uhkaamalle kansakunnallenne \u2013 \u201d (Kuuno Jalmari Kaunokoski &#8211; Tv-sarjassa Akkaa p\u00e4\u00e4lle)<\/p>\n","protected":false},"author":1,"featured_media":0,"parent":0,"menu_order":0,"comment_status":"closed","ping_status":"closed","template":"","meta":{"site-sidebar-layout":"default","site-content-layout":"","ast-site-content-layout":"default","site-content-style":"default","site-sidebar-style":"default","ast-global-header-display":"","ast-banner-title-visibility":"","ast-main-header-display":"","ast-hfb-above-header-display":"","ast-hfb-below-header-display":"","ast-hfb-mobile-header-display":"","site-post-title":"","ast-breadcrumbs-content":"","ast-featured-img":"","footer-sml-layout":"","theme-transparent-header-meta":"default","adv-header-id-meta":"","stick-header-meta":"","header-above-stick-meta":"","header-main-stick-meta":"","header-below-stick-meta":"","astra-migrate-meta-layouts":"set","footnotes":""},"_links":{"self":[{"href":"https:\/\/kaskipaja.net\/kaski\/wp-json\/wp\/v2\/pages\/1246"}],"collection":[{"href":"https:\/\/kaskipaja.net\/kaski\/wp-json\/wp\/v2\/pages"}],"about":[{"href":"https:\/\/kaskipaja.net\/kaski\/wp-json\/wp\/v2\/types\/page"}],"author":[{"embeddable":true,"href":"https:\/\/kaskipaja.net\/kaski\/wp-json\/wp\/v2\/users\/1"}],"replies":[{"embeddable":true,"href":"https:\/\/kaskipaja.net\/kaski\/wp-json\/wp\/v2\/comments?post=1246"}],"version-history":[{"count":1,"href":"https:\/\/kaskipaja.net\/kaski\/wp-json\/wp\/v2\/pages\/1246\/revisions"}],"predecessor-version":[{"id":1247,"href":"https:\/\/kaskipaja.net\/kaski\/wp-json\/wp\/v2\/pages\/1246\/revisions\/1247"}],"wp:attachment":[{"href":"https:\/\/kaskipaja.net\/kaski\/wp-json\/wp\/v2\/media?parent=1246"}],"curies":[{"name":"wp","href":"https:\/\/api.w.org\/{rel}","templated":true}]}}