{"id":2027,"date":"2025-01-08T10:09:25","date_gmt":"2025-01-08T10:09:25","guid":{"rendered":"https:\/\/kaskipaja.net\/kaski\/?page_id=2027"},"modified":"2025-04-20T13:46:42","modified_gmt":"2025-04-20T13:46:42","slug":"symbolit-projekti","status":"publish","type":"page","link":"https:\/\/kaskipaja.net\/kaski\/symbolit-projekti\/","title":{"rendered":"Symbolit-projekti"},"content":{"rendered":"<p><strong>Tekij\u00e4:<\/strong> Samuli Heikkil\u00e4, Tampere<\/p>\n<p><strong>Aloitus:<\/strong> tammikuu 2025<\/p>\n<p><strong>Mik\u00e4 projekti:<\/strong> Symbolit-projekti ei ole varsinaisesti mik\u00e4\u00e4n projekti, vaan l\u00e4hinn\u00e4 harrastusmieless\u00e4 teht\u00e4v\u00e4 tutkimusmatka erilaisten symbolien maailmaan. T\u00e4st\u00e4 projektista saan kiitt\u00e4\u00e4 ja oikeastaan projektin alkuna ovat mm. monet eri seikkailuelokuvat, joissa erilaisia sek\u00e4 olemassa olevia ett\u00e4 kuvitteellisia symboleja on esiintynyt. Saan kiitt\u00e4\u00e4 &#8220;projektistani&#8221; my\u00f6s Dan Brownin luomaa fiktiivist\u00e4 symbologia Robert Langdonia. N\u00e4iden edell\u00e4 olevien lis\u00e4ksi olen ollut kiinnostunut my\u00f6s sek\u00e4 vapaamuurareista ett\u00e4 egyptil\u00e4isten k\u00e4ytt\u00e4mist\u00e4 symboleista.<\/p>\n<p>T\u00e4m\u00e4n projektin luonne on kuitenkin ennemmin &#8220;tieteellinen&#8221; kuin fiktiivinen. Tarkoitukseni ei siis ole perehty\u00e4 fiktiivisiin symboleihin. Esimerkiksi seikkailuelokuvissa erilaiset symbolit ovat mielest\u00e4ni l\u00e4hinn\u00e4 ns. &#8220;avustavina&#8221; osina eli eiv\u00e4t v\u00e4ltt\u00e4m\u00e4tt\u00e4 ratkaisevissa osissa.<\/p>\n<p>Alustavaa projektikirjallisuutta koskien erilaisia symboleja:<\/p>\n<ul>\n<li>MacNulty, W. Kirk (2020). <strong>Vapaamuurarit \u2013 Symbolit, salaisuudet, merkitys.<\/strong><\/li>\n<li>Naylor, Trevor (2023). <strong>Ancient Egyptian Hieroglyphs Illustrated \u2013 A Forman Writing System Used in Ancient Egypt.<\/strong><\/li>\n<li>Nystr\u00f6m, Samu (2024). <strong>Enemm\u00e4n valoa \u2013 suomalaisen vapaamuurariuden historia.<\/strong><\/li>\n<\/ul>\n<hr \/>\n<p><strong>Huhtikuu 2025<\/strong><\/p>\n<p>Bongasin Suomalaisesta Kirjakaupasta mielenkiintoisen kirjan koskien symboleita. Kirja on nimelt\u00e4\u00e4n <strong>Salaiset symbolit &#8211; avain esoterian maailmaan<\/strong>. Kirja on julkaistu vuonna 2023 ja kirjan on kirjoittanut Liisa V\u00e4is\u00e4nen. Kirja menee ostolistalle.<\/p>\n<p>20.4.2025 : Adlibris.fi:st\u00e4 bongattua ja etsitty\u00e4 kirjallisuutta koskien symboleja:<\/p>\n<ul>\n<li>V\u00e4is\u00e4nen, Liisa (2022). <strong>Symbolien Helsinki<\/strong>.<\/li>\n<\/ul>\n","protected":false},"excerpt":{"rendered":"<p>Tekij\u00e4: Samuli Heikkil\u00e4, Tampere Aloitus: tammikuu 2025 Mik\u00e4 projekti: Symbolit-projekti ei ole varsinaisesti mik\u00e4\u00e4n projekti, vaan l\u00e4hinn\u00e4 harrastusmieless\u00e4 teht\u00e4v\u00e4 tutkimusmatka erilaisten symbolien maailmaan. T\u00e4st\u00e4 projektista saan kiitt\u00e4\u00e4 ja oikeastaan projektin alkuna ovat mm. monet eri seikkailuelokuvat, joissa erilaisia sek\u00e4 olemassa olevia ett\u00e4 kuvitteellisia symboleja on esiintynyt. Saan kiitt\u00e4\u00e4 &#8220;projektistani&#8221; my\u00f6s Dan Brownin luomaa fiktiivist\u00e4 symbologia &hellip;<\/p>\n<p class=\"read-more\"> <a class=\"\" href=\"https:\/\/kaskipaja.net\/kaski\/symbolit-projekti\/\"> <span class=\"screen-reader-text\">Symbolit-projekti<\/span> Read More &raquo;<\/a><\/p>\n","protected":false},"author":1,"featured_media":0,"parent":0,"menu_order":0,"comment_status":"closed","ping_status":"closed","template":"","meta":{"site-sidebar-layout":"default","site-content-layout":"","ast-site-content-layout":"default","site-content-style":"default","site-sidebar-style":"default","ast-global-header-display":"","ast-banner-title-visibility":"","ast-main-header-display":"","ast-hfb-above-header-display":"","ast-hfb-below-header-display":"","ast-hfb-mobile-header-display":"","site-post-title":"","ast-breadcrumbs-content":"","ast-featured-img":"","footer-sml-layout":"","theme-transparent-header-meta":"default","adv-header-id-meta":"","stick-header-meta":"","header-above-stick-meta":"","header-main-stick-meta":"","header-below-stick-meta":"","astra-migrate-meta-layouts":"set","footnotes":""},"_links":{"self":[{"href":"https:\/\/kaskipaja.net\/kaski\/wp-json\/wp\/v2\/pages\/2027"}],"collection":[{"href":"https:\/\/kaskipaja.net\/kaski\/wp-json\/wp\/v2\/pages"}],"about":[{"href":"https:\/\/kaskipaja.net\/kaski\/wp-json\/wp\/v2\/types\/page"}],"author":[{"embeddable":true,"href":"https:\/\/kaskipaja.net\/kaski\/wp-json\/wp\/v2\/users\/1"}],"replies":[{"embeddable":true,"href":"https:\/\/kaskipaja.net\/kaski\/wp-json\/wp\/v2\/comments?post=2027"}],"version-history":[{"count":6,"href":"https:\/\/kaskipaja.net\/kaski\/wp-json\/wp\/v2\/pages\/2027\/revisions"}],"predecessor-version":[{"id":2183,"href":"https:\/\/kaskipaja.net\/kaski\/wp-json\/wp\/v2\/pages\/2027\/revisions\/2183"}],"wp:attachment":[{"href":"https:\/\/kaskipaja.net\/kaski\/wp-json\/wp\/v2\/media?parent=2027"}],"curies":[{"name":"wp","href":"https:\/\/api.w.org\/{rel}","templated":true}]}}