{"id":2217,"date":"2025-05-19T18:19:39","date_gmt":"2025-05-19T18:19:39","guid":{"rendered":"https:\/\/kaskipaja.net\/kaski\/?page_id=2217"},"modified":"2026-02-11T17:33:09","modified_gmt":"2026-02-11T17:33:09","slug":"kirjastosta-lainattua","status":"publish","type":"page","link":"https:\/\/kaskipaja.net\/kaski\/kirjastosta-lainattua\/","title":{"rendered":"Kirjastosta lainattua"},"content":{"rendered":"<p>(Aloituspvm: 19.5.2025) (Sivu on p\u00e4ivitetty 11.2.2026)<\/p>\n<p><strong>Tekij\u00e4:<\/strong> Samuli Heikkil\u00e4 (C) 2025\u00a0 &#8211; 2026<\/p>\n<p><strong>Henkil\u00f6t:<\/strong><\/p>\n<ul>\n<li>Malin, Aarno (2025). <strong>Ransom man &#8211; Vastaamon tapaus ja Aleksanteri Kivim\u00e4en hakkerihistoria.<\/strong>\n<ul>\n<li>(Muita Aarno Malinin kirjoja: )<\/li>\n<\/ul>\n<\/li>\n<\/ul>\n<p><strong>Fysiikka:<\/strong><\/p>\n<ul>\n<li>Lehto, Heikki &amp; Havukainen, Raimo &amp; Maalampi, Jukka &amp; Leskinen, Janna (2017). <strong>FY 4 &#8211; Voima ja liike.<\/strong><\/li>\n<li>Maalampi, Jukka &amp; Perko, Tapani (1999). <strong>Lyhyt modernin fysiikan johdatus.<\/strong><\/li>\n<li>Muller, Richard A. (2016). <strong>Nyt &#8211; ajan fysiikka.<\/strong> Terra Cognita.<\/li>\n<\/ul>\n<p><strong>Kielten opetus:<\/strong><\/p>\n<ul>\n<li>Lappalainen, Ulla (2006). <strong>Aamu &#8211; Suomen kielen lukemisto ja peruskielioppi aikuisille.<\/strong>\n<ul>\n<li>(Olen k\u00e4ytt\u00e4nyt t\u00e4t\u00e4 kirjaa opetusmateriaalina suomen kielen opetuksessa ja kirja on hyv\u00e4. Siin\u00e4 on aluksi helpompia lukukappaleita, jotka vaikeutuvat loppua kohden. Kirjan lopussa on hieman kielioppiasiaa.<\/li>\n<\/ul>\n<\/li>\n<\/ul>\n<p><strong>Teknologia:<\/strong><\/p>\n<ul>\n<li>Jungman, Heikki (2024). <strong>Fantastinen floppi &#8211; Nokian pelibisneksen k\u00e4ynnistys, romahdus ja perint\u00f6.<\/strong>\n<ul>\n<li>(Jatkokirja voisi tietysti olla jokin Nokia-aiheinen kirja, jossa esitet\u00e4\u00e4n Nokian nousu, menestys ja loppu.)<\/li>\n<\/ul>\n<\/li>\n<\/ul>\n<p><strong>T\u00e4htitiede ym:<\/strong><\/p>\n<ul>\n<li>Oja, Heikki (2015). <strong>Galaksit.<\/strong><\/li>\n<\/ul>\n","protected":false},"excerpt":{"rendered":"<p>(Aloituspvm: 19.5.2025) (Sivu on p\u00e4ivitetty 11.2.2026) Tekij\u00e4: Samuli Heikkil\u00e4 (C) 2025\u00a0 &#8211; 2026 Henkil\u00f6t: Malin, Aarno (2025). Ransom man &#8211; Vastaamon tapaus ja Aleksanteri Kivim\u00e4en hakkerihistoria. (Muita Aarno Malinin kirjoja: ) Fysiikka: Lehto, Heikki &amp; Havukainen, Raimo &amp; Maalampi, Jukka &amp; Leskinen, Janna (2017). FY 4 &#8211; Voima ja liike. Maalampi, Jukka &amp; Perko, Tapani &hellip;<\/p>\n<p class=\"read-more\"> <a class=\"\" href=\"https:\/\/kaskipaja.net\/kaski\/kirjastosta-lainattua\/\"> <span class=\"screen-reader-text\">Kirjastosta lainattua<\/span> Read More &raquo;<\/a><\/p>\n","protected":false},"author":1,"featured_media":0,"parent":0,"menu_order":0,"comment_status":"closed","ping_status":"closed","template":"","meta":{"site-sidebar-layout":"default","site-content-layout":"","ast-site-content-layout":"default","site-content-style":"default","site-sidebar-style":"default","ast-global-header-display":"","ast-banner-title-visibility":"","ast-main-header-display":"","ast-hfb-above-header-display":"","ast-hfb-below-header-display":"","ast-hfb-mobile-header-display":"","site-post-title":"","ast-breadcrumbs-content":"","ast-featured-img":"","footer-sml-layout":"","theme-transparent-header-meta":"default","adv-header-id-meta":"","stick-header-meta":"","header-above-stick-meta":"","header-main-stick-meta":"","header-below-stick-meta":"","astra-migrate-meta-layouts":"set","footnotes":""},"_links":{"self":[{"href":"https:\/\/kaskipaja.net\/kaski\/wp-json\/wp\/v2\/pages\/2217"}],"collection":[{"href":"https:\/\/kaskipaja.net\/kaski\/wp-json\/wp\/v2\/pages"}],"about":[{"href":"https:\/\/kaskipaja.net\/kaski\/wp-json\/wp\/v2\/types\/page"}],"author":[{"embeddable":true,"href":"https:\/\/kaskipaja.net\/kaski\/wp-json\/wp\/v2\/users\/1"}],"replies":[{"embeddable":true,"href":"https:\/\/kaskipaja.net\/kaski\/wp-json\/wp\/v2\/comments?post=2217"}],"version-history":[{"count":14,"href":"https:\/\/kaskipaja.net\/kaski\/wp-json\/wp\/v2\/pages\/2217\/revisions"}],"predecessor-version":[{"id":2604,"href":"https:\/\/kaskipaja.net\/kaski\/wp-json\/wp\/v2\/pages\/2217\/revisions\/2604"}],"wp:attachment":[{"href":"https:\/\/kaskipaja.net\/kaski\/wp-json\/wp\/v2\/media?parent=2217"}],"curies":[{"name":"wp","href":"https:\/\/api.w.org\/{rel}","templated":true}]}}