{"id":2409,"date":"2025-11-30T11:21:41","date_gmt":"2025-11-30T11:21:41","guid":{"rendered":"https:\/\/kaskipaja.net\/kaski\/?page_id=2409"},"modified":"2025-12-29T13:55:43","modified_gmt":"2025-12-29T13:55:43","slug":"jos-venaja-voittaa-projekti","status":"publish","type":"page","link":"https:\/\/kaskipaja.net\/kaski\/jos-venaja-voittaa-projekti\/","title":{"rendered":"Jos Ven\u00e4j\u00e4 voittaa &#8230; -projekti"},"content":{"rendered":"<p><strong>Aloituspvm:<\/strong> 28.11.2025<\/p>\n<p>Bongasin seuraavan kirjan Tampereelta Akateemisesta marraskuussa 2025 ja asetin kirjan t\u00e4m\u00e4n projektin perustaksi. Kirjassaan Carlo Masala k\u00e4y hieman l\u00e4pi muutamia p\u00e4ivi\u00e4 vuodesta 2028, jolloin skenaarion mukaisesti Ven\u00e4j\u00e4 on hy\u00f6k\u00e4nnyt Viroon.<\/p>\n<p>Huom! Tulevaisuudentutkimus ja skenaariot.<\/p>\n<ul>\n<li>Masala, Carlo (2025) : If Russia wins &#8211; A Scenario.<\/li>\n<\/ul>\n<p>Sitaatti kirjasta : &#8220;Although, it seems to me it&#8217;s already a Russian victory if they manage to keep territory they have occupied. Now, some people may not care about Ukraine. And quite a few may think, &#8220;It will be good if the war finally ends. Then things can go back to normal. Just give Russia what it wants, then there will be peace.&#8221; But is that so? Is it really just about Ukraine? What if this is only the beginning? &#8221; (Masala)<\/p>\n<hr \/>\n<p><strong>Huomaa, ett\u00e4 uusimmat postaukset ovat alussa!<\/strong><\/p>\n<hr \/>\n<p><strong>29.12.2025<\/strong><\/p>\n<p><strong>Trumpin ja Zelenskyin tapaaminen USA:ssa Mar-a-Lagossa joulukuussa 2025<\/strong><\/p>\n<p>Kansanedustaja Jarno Limnell julkaisi LinkedIn:ss\u00e4 29.12.2025 kirjoituksen koskien Trumpin ja Zelenskyin tapaamista.<\/p>\n<p>Sitaatti Limnellin kirjoituksesta: &#8220;Kun Trump ja Zelenskyi esiintyiv\u00e4t kameroille, s\u00e4vy oli my\u00f6nteinen mutta sis\u00e4lt\u00f6 varovainen. Ei aselepoa. Ei aikatauluja. Ei alueratkaisuja. Ei turvatakuita.&#8221;<\/p>\n<p>Eli sota jatkuu ja jatkuu niin kauan kunnes jompikumpi osapuolista joutuu luovuttamaan. Ven\u00e4j\u00e4lle luovuttaminen olisi kasvojen menetys ja ehk\u00e4 johdon loppu.<\/p>\n<p>Putinhan taisi suuressa, monituntisessa vastauspuheessaan muutama p\u00e4iv\u00e4 sitten todeta, ett\u00e4 sotaa jatketaan niin kauan kunnes tavoitteet on saavutettu. Eli??<\/p>\n<p>Sitaatti Limnellin kirjoituksesta: &#8220;Ratkaiseva ongelma ei ole muuttunut. Putin ei ole osoittanut valmiutta luopua miehitetyist\u00e4 alueista, hyv\u00e4ksy\u00e4 Ukrainan suvereniteettia tai sitoutua uskottaviin turvatakuihin. Ven\u00e4j\u00e4 k\u00e4ytt\u00e4\u00e4 diplomatiaa rinnakkain sotilaallisen painostuksen kanssa ja pelaa aikaa.&#8221;<\/p>\n<p>Sitaatti oheisesta Hesarin artikkelista: &#8220;Ven\u00e4j\u00e4n johto ei my\u00f6sk\u00e4\u00e4n kanna huolta, kuinka monta ven\u00e4l\u00e4ist\u00e4 sotilasta viel\u00e4 kuolee. Historiallisesti Ven\u00e4j\u00e4ll\u00e4 ei ole kiinnitetty huomiota inhimillisiin tappioihin strategisten tavoitteiden saavuttamisessa.&#8221; [1]<\/p>\n<p><strong>Kirjoittaja:<\/strong> Samuli Heikkil\u00e4 (C)<\/p>\n<p><strong>L\u00e4hteet: <\/strong><\/p>\n<p>[1] Hs.fi : 22.12.2025 : &#8220;On mahdollista, ett\u00e4 Trumpin suunnitelma toimii \u2013 Se tarkoittaisi t\u00e4ydellist\u00e4 voittoa Ven\u00e4j\u00e4lle&#8221; : ( <a href=\"https:\/\/www.hs.fi\/kirjeenvaihtajat\/art-2000011696019.html\" target=\"_blank\" rel=\"noopener\">https:\/\/www.hs.fi\/kirjeenvaihtajat\/art-2000011696019.html<\/a> )<\/p>\n<hr \/>\n<p><strong>22<\/strong><strong>.12.2025<\/strong><\/p>\n<p>Hs.fi : 22.12.2025 : &#8220;On mahdollista, ett\u00e4 Trumpin suunnitelma toimii \u2013 Se tarkoittaisi t\u00e4ydellist\u00e4 voittoa Ven\u00e4j\u00e4lle&#8221; : ( <a href=\"https:\/\/www.hs.fi\/kirjeenvaihtajat\/art-2000011696019.html\" target=\"_blank\" rel=\"noopener\">https:\/\/www.hs.fi\/kirjeenvaihtajat\/art-2000011696019.html<\/a> )<\/p>\n<hr \/>\n<p><strong>14.12.2025<\/strong><\/p>\n<p><strong>Ukrainaa koskevaa kirjallisuutta:<\/strong><\/p>\n<ul>\n<li>Enkenberg, Ilkka (2022).\u00a0<strong>Ukrainan sota \u2013 taistelu vapaudesta.<\/strong><\/li>\n<li>Kniivil\u00e4, Kalle (2023).\u00a0<strong>Maa joka her\u00e4si.<\/strong><\/li>\n<li>Koistinen, Pertti &amp; Salonen, Ilpo (2022).\u00a0<strong>Ukrainan sota ja maailma sen j\u00e4lkeen.<\/strong><\/li>\n<li>Plokhy, Serhii (2023 \/ 2024).\u00a0<strong>Historian paluu \u2013 Ven\u00e4j\u00e4n sota Ukrainassa.<\/strong><\/li>\n<li>Sakwa, Richard (2016).<strong>\u00a0Taistelu Ukrainasta \u2013 Kuinka id\u00e4n ja l\u00e4nnen intressit t\u00f6rm\u00e4siv\u00e4t.<\/strong><\/li>\n<li>Tuomikoski, Pekka (2024).\u00a0<strong>Ukrainan historia kolmessa vartissa \u2013 t\u00e4rkeimpi\u00e4 merkkipaaluja.<\/strong><\/li>\n<\/ul>\n<p><strong>Ven\u00e4j\u00e4\u00e4 koskevaa kirjallisuutta:<\/strong><\/p>\n<ul>\n<li><strong>Ep\u00e4varmuuksien aika \u2013 Kuinka Ven\u00e4j\u00e4n hy\u00f6kk\u00e4yssota muuttaa maailmaa?\u00a0<\/strong>Tiedekulmapokkari 6. 2023.<\/li>\n<li>Galeotti, Mark (2023 \/ 2022).\u00a0<strong>Putinin sodat \u2013 Tsetseniasta Ukrainaan.<\/strong><\/li>\n<li><strong>Huom!<\/strong> Muuta Ven\u00e4j\u00e4\u00e4 koskevaa kirjallisuutta on koottu Kirjallisuusluetteloni-sivulle.<\/li>\n<\/ul>\n<hr \/>\n<p><strong>13.12.2025<\/strong><\/p>\n<p>Uusisuomi.fi : 13.12.2025 : <strong>&#8220;Puolustuskomissaarilta kylm\u00e4 ennuste: Ven\u00e4j\u00e4-konflikti mahdollinen nelj\u00e4n vuoden sis\u00e4ll\u00e4&#8221;<\/strong> [1]<\/p>\n<p>Artikkelin kuvateksti: &#8220;EU:n puolustuskomissaari Andrius Kubius sanoo, ett\u00e4 EU:n sis\u00e4ll\u00e4 on pakko saada aikaan p\u00e4\u00e4t\u00f6ksi\u00e4 mahdollisesta puolustusunionista sek\u00e4 uudesta turvallisuusarkkitehtuurista, johon kuuluisivat EU-j\u00e4senmaiden lis\u00e4ksi Britannia, Norja ja Ukraina.&#8221; [1]<\/p>\n<p>Puolustuskomissaari Kubilius toteaa: \u201dVen\u00e4j\u00e4 on valmis vet\u00e4m\u00e4\u00e4n meid\u00e4t konfliktiin nelj\u00e4n seuraavan vuoden sis\u00e4ll\u00e4\u201d [1]<\/p>\n<p>Huom! Carlo Masalan kirjassaan esittelem\u00e4 skenaario (muistaakseni Masalan oma) sijoittuu muuten vuoden 2028 alkupuolelle.<\/p>\n<p>&#8220;Kubilius korostaa, ett\u00e4 ongelma ei ole nykyhetki, vaan tulevaisuus.&#8221; [1]<\/p>\n<p><strong>L\u00e4hteet:<\/strong><\/p>\n<p>[1]\u00a0 <a href=\"https:\/\/www.uusisuomi.fi\/uutiset\/a\/2e28e004-46a8-432c-be16-91c101ec55f1\" target=\"_blank\" rel=\"noopener\">https:\/\/www.uusisuomi.fi\/uutiset\/a\/2e28e004-46a8-432c-be16-91c101ec55f1<\/a> (viitattu 13.12.2025)<\/p>\n<hr \/>\n<p><strong>13.12.2025<\/strong><\/p>\n<p><strong>Huom!<\/strong> Katso seuraavat tekem\u00e4ni blogi-merkinn\u00e4t koskien Ukrainan sotaa: (2022 &#8211; 2025)<\/p>\n<ul>\n<li>( <a href=\"https:\/\/kaskipaja.net\/kaski\/2022\/02\/22\/22-2-2022-mietteita-maailmanmenosta\/\" target=\"_blank\" rel=\"noopener\">https:\/\/kaskipaja.net\/kaski\/2022\/02\/22\/22-2-2022-mietteita-maailmanmenosta\/<\/a> )<\/li>\n<li>( <a href=\"https:\/\/kaskipaja.net\/kaski\/2022\/02\/24\/24-2-2022-tilanne-venaja-vs-ukraina\/\" target=\"_blank\" rel=\"noopener\">https:\/\/kaskipaja.net\/kaski\/2022\/02\/24\/24-2-2022-tilanne-venaja-vs-ukraina\/<\/a> )<\/li>\n<li>( <a href=\"https:\/\/kaskipaja.net\/kaski\/2022\/02\/25\/25-2-2022-mietteita-usata-ukrainaa-ja-venajaa-koskien\/\" target=\"_blank\" rel=\"noopener\">https:\/\/kaskipaja.net\/kaski\/2022\/02\/25\/25-2-2022-mietteita-usata-ukrainaa-ja-venajaa-koskien\/<\/a> )<\/li>\n<li>( <a href=\"https:\/\/kaskipaja.net\/kaski\/2022\/02\/25\/25-2-2022-mietteita-venajan-ja-ukrainan-sodasta-osa-3\/\" target=\"_blank\" rel=\"noopener\">https:\/\/kaskipaja.net\/kaski\/2022\/02\/25\/25-2-2022-mietteita-venajan-ja-ukrainan-sodasta-osa-3\/<\/a> )<\/li>\n<li>(<a href=\"https:\/\/kaskipaja.net\/kaski\/2022\/02\/27\/27-2-2022-venajan-ja-ukrainan-sota-mietteita-maailmanmenosta\/\" target=\"_blank\" rel=\"noopener\"> https:\/\/kaskipaja.net\/kaski\/2022\/02\/27\/27-2-2022-venajan-ja-ukrainan-sota-mietteita-maailmanmenosta\/<\/a> )<\/li>\n<li>( <a href=\"https:\/\/kaskipaja.net\/kaski\/2022\/02\/27\/27-2-2022-venajan-ja-ukrainan-sota-mietteita-maailmanmenosta\/\" target=\"_blank\" rel=\"noopener\">https:\/\/kaskipaja.net\/kaski\/2022\/02\/27\/27-2-2022-venajan-ja-ukrainan-sota-mietteita-maailmanmenosta\/<\/a> )<\/li>\n<li>( <a href=\"https:\/\/kaskipaja.net\/kaski\/2022\/07\/31\/31-7-2022-venaja-ukraina-sodasta-seka-tulevaisuudentutkimuksesta\/\" target=\"_blank\" rel=\"noopener\">https:\/\/kaskipaja.net\/kaski\/2022\/07\/31\/31-7-2022-venaja-ukraina-sodasta-seka-tulevaisuudentutkimuksesta\/<\/a> )<\/li>\n<li>( <a href=\"https:\/\/kaskipaja.net\/kaski\/2022\/10\/04\/4-10-2022-mietteita-venajasta\/\" target=\"_blank\" rel=\"noopener\">https:\/\/kaskipaja.net\/kaski\/2022\/10\/04\/4-10-2022-mietteita-venajasta\/<\/a> )<\/li>\n<li>( <a href=\"https:\/\/kaskipaja.net\/kaski\/2023\/05\/30\/30-5-2023-suomi-ruotsi-ja-nato\/\" target=\"_blank\" rel=\"noopener\">https:\/\/kaskipaja.net\/kaski\/2023\/05\/30\/30-5-2023-suomi-ruotsi-ja-nato\/<\/a> )<\/li>\n<li>( <a href=\"https:\/\/kaskipaja.net\/kaski\/2023\/11\/30\/marraskuu-2023-voi-venajan-kansaa\/\" target=\"_blank\" rel=\"noopener\">https:\/\/kaskipaja.net\/kaski\/2023\/11\/30\/marraskuu-2023-voi-venajan-kansaa\/<\/a> )<\/li>\n<li>( <a href=\"https:\/\/kaskipaja.net\/kaski\/2024\/01\/19\/19-1-2024-ennustuksia-vuodelle-2024\/\" target=\"_blank\" rel=\"noopener\">https:\/\/kaskipaja.net\/kaski\/2024\/01\/19\/19-1-2024-ennustuksia-vuodelle-2024\/<\/a> )<\/li>\n<li>( <a href=\"https:\/\/kaskipaja.net\/kaski\/2024\/08\/01\/1-8-2024-historian-paluu-jotakin-ukrainan-sodasta\/\" target=\"_blank\" rel=\"noopener\">https:\/\/kaskipaja.net\/kaski\/2024\/08\/01\/1-8-2024-historian-paluu-jotakin-ukrainan-sodasta\/<\/a> )<\/li>\n<li>( <a href=\"https:\/\/kaskipaja.net\/kaski\/2025\/02\/16\/16-2-2025-euroopasta-nyt-nyt-on-heratty-nyt-on-toiminnan-aika\/\" target=\"_blank\" rel=\"noopener\">https:\/\/kaskipaja.net\/kaski\/2025\/02\/16\/16-2-2025-euroopasta-nyt-nyt-on-heratty-nyt-on-toiminnan-aika\/<\/a> )<\/li>\n<li>( <a href=\"https:\/\/kaskipaja.net\/kaski\/2025\/02\/20\/20-2-2025-kun-historia-toistaa-itseaan\/\" target=\"_blank\" rel=\"noopener\">https:\/\/kaskipaja.net\/kaski\/2025\/02\/20\/20-2-2025-kun-historia-toistaa-itseaan\/<\/a> )<\/li>\n<\/ul>\n<hr \/>\n<p><strong>Tekij\u00e4:<\/strong> Samuli Heikkil\u00e4 (C) 2025<\/p>\n","protected":false},"excerpt":{"rendered":"<p>Aloituspvm: 28.11.2025 Bongasin seuraavan kirjan Tampereelta Akateemisesta marraskuussa 2025 ja asetin kirjan t\u00e4m\u00e4n projektin perustaksi. Kirjassaan Carlo Masala k\u00e4y hieman l\u00e4pi muutamia p\u00e4ivi\u00e4 vuodesta 2028, jolloin skenaarion mukaisesti Ven\u00e4j\u00e4 on hy\u00f6k\u00e4nnyt Viroon. Huom! Tulevaisuudentutkimus ja skenaariot. Masala, Carlo (2025) : If Russia wins &#8211; A Scenario. Sitaatti kirjasta : &#8220;Although, it seems to me it&#8217;s &hellip;<\/p>\n<p class=\"read-more\"> <a class=\"\" href=\"https:\/\/kaskipaja.net\/kaski\/jos-venaja-voittaa-projekti\/\"> <span class=\"screen-reader-text\">Jos Ven\u00e4j\u00e4 voittaa &#8230; -projekti<\/span> Read More &raquo;<\/a><\/p>\n","protected":false},"author":1,"featured_media":0,"parent":0,"menu_order":0,"comment_status":"closed","ping_status":"closed","template":"","meta":{"site-sidebar-layout":"default","site-content-layout":"","ast-site-content-layout":"default","site-content-style":"default","site-sidebar-style":"default","ast-global-header-display":"","ast-banner-title-visibility":"","ast-main-header-display":"","ast-hfb-above-header-display":"","ast-hfb-below-header-display":"","ast-hfb-mobile-header-display":"","site-post-title":"","ast-breadcrumbs-content":"","ast-featured-img":"","footer-sml-layout":"","theme-transparent-header-meta":"default","adv-header-id-meta":"","stick-header-meta":"","header-above-stick-meta":"","header-main-stick-meta":"","header-below-stick-meta":"","astra-migrate-meta-layouts":"set","footnotes":""},"_links":{"self":[{"href":"https:\/\/kaskipaja.net\/kaski\/wp-json\/wp\/v2\/pages\/2409"}],"collection":[{"href":"https:\/\/kaskipaja.net\/kaski\/wp-json\/wp\/v2\/pages"}],"about":[{"href":"https:\/\/kaskipaja.net\/kaski\/wp-json\/wp\/v2\/types\/page"}],"author":[{"embeddable":true,"href":"https:\/\/kaskipaja.net\/kaski\/wp-json\/wp\/v2\/users\/1"}],"replies":[{"embeddable":true,"href":"https:\/\/kaskipaja.net\/kaski\/wp-json\/wp\/v2\/comments?post=2409"}],"version-history":[{"count":24,"href":"https:\/\/kaskipaja.net\/kaski\/wp-json\/wp\/v2\/pages\/2409\/revisions"}],"predecessor-version":[{"id":2484,"href":"https:\/\/kaskipaja.net\/kaski\/wp-json\/wp\/v2\/pages\/2409\/revisions\/2484"}],"wp:attachment":[{"href":"https:\/\/kaskipaja.net\/kaski\/wp-json\/wp\/v2\/media?parent=2409"}],"curies":[{"name":"wp","href":"https:\/\/api.w.org\/{rel}","templated":true}]}}