{"id":2469,"date":"2025-12-21T22:29:41","date_gmt":"2025-12-21T22:29:41","guid":{"rendered":"https:\/\/kaskipaja.net\/kaski\/?page_id=2469"},"modified":"2025-12-30T10:30:01","modified_gmt":"2025-12-30T10:30:01","slug":"fuusioreaktoreista","status":"publish","type":"page","link":"https:\/\/kaskipaja.net\/kaski\/fuusioreaktoreista\/","title":{"rendered":"Fuusioreaktoreista"},"content":{"rendered":"<p><strong>Aloituspvm:<\/strong> 21.12.2025<\/p>\n<p><strong>Tekij\u00e4:<\/strong> Samuli Heikkil\u00e4 (C) 2025<\/p>\n<p><strong>Tekstit<\/strong>: Samuli Heikkil\u00e4, ellei toisin mainita (esim. sitaatit)<\/p>\n<p>Hs.fi : ?? : &#8220;Kiina himoitsee loputonta energiaa&#8221; : (<a href=\"https:\/\/www.hs.fi\/maailma\/art-2000011702487.html\" target=\"_blank\" rel=\"noopener\"> https:\/\/www.hs.fi\/maailma\/art-2000011702487.html<\/a> )<\/p>\n<p>Yhdysvallat pelk\u00e4\u00e4 j\u00e4\u00e4v\u00e4ns\u00e4 fuusion valjastamisessa kakkoseksi. Se ei ole mik\u00e4\u00e4n yll\u00e4tys sill\u00e4 Kiinasta on tullut yll\u00e4tt\u00e4en kova tekij\u00e4 monella saralla (esim. kannettavien valmistajana, teko\u00e4lytutkimuksessa ja fuusiotutkimuksessa).<\/p>\n<p>Kirjassa Ulkopolitiikkaa norsunluutornista (Pursiainen, Christer &amp; Forsberg, Tuomas (2015)) on juttua siit\u00e4 kuinka Kiinan ennustetaan menev\u00e4n USA:n ohi 2020-luvulla. Palaan t\u00e4h\u00e4n my\u00f6hemmin.<\/p>\n<p>Fuusiossa suureen kuumuuden vaikutuksesta vedyst\u00e4 (deuterium ja tritium !? eli vedyn isotoopit) muodostuu plasmaa, joka on aineen nelj\u00e4s olomuoto. Plasma on ionisoitunutta kaasua.<\/p>\n<p>Koulussa joskus muinoin meille opetettiin, ett\u00e4 aineella on nelj\u00e4 olomuotoa: kiinte\u00e4, nestem\u00e4inen ja kaasumainen. Aineen nelj\u00e4s olomuoto on plasma. Itseasiassa er\u00e4\u00e4ss\u00e4 kirjassa (tarkistus!!) todettiin, ett\u00e4 aineella olisikin ainakin 15 olomuotoa. Palaan t\u00e4h\u00e4n my\u00f6hemmin.<\/p>\n<p>Olen joskus kuullut moitittavan fuusiotutkimusta, ett\u00e4 on aina luvattu, ett\u00e4 fuusioenergia on mahdollista sitten muutaman vuosikymmenen kuluttua. Sitten fuusioenergian &#8220;kunnollinen&#8221; valjastaminen ei olekaan toteutunut ja on petytty. Onkin helpompaa vapauttaa energiaa fissiossa kuin saada energiaa yhdist\u00e4m\u00e4ll\u00e4 atomit fuusiossa.<\/p>\n<p><strong>Fuusioreaktorit:<\/strong><\/p>\n<ul>\n<li>tokamak-reaktorit + voimakkaat magneetit (mm. ITER) [2]<\/li>\n<li>laser-fuusio<\/li>\n<li>???<\/li>\n<\/ul>\n<p><strong>L\u00e4hteet:<\/strong><\/p>\n<p>[1] Hs.fi : ?? : &#8220;Kiina himoitsee loputonta energiaa&#8221; : (<a href=\"https:\/\/www.hs.fi\/maailma\/art-2000011702487.html\" target=\"_blank\" rel=\"noopener\"> https:\/\/www.hs.fi\/maailma\/art-2000011702487.html<\/a> )<\/p>\n<p>[2] ITER : <a href=\"https:\/\/www.iter.org\/\" target=\"_blank\" rel=\"noopener\">https:\/\/www.iter.org\/<\/a><\/p>\n<hr \/>\n<p><strong>30.12.2025<\/strong><\/p>\n<p><strong>Luettavana olevaa fuusiota, fuusiotutkimusta ja fuusioreaktoreita k\u00e4sittelev\u00e4\u00e4 kirjallisuutta ym:<\/strong><\/p>\n<p>Huom! Sulkeissa, esim. (2004 \/ 2006) ensimm\u00e4inen vuosiluku tarkoittaa kirjan ilmestymisvuotta alkuper\u00e4iskielell\u00e4 ja j\u00e4lkimm\u00e4inen vuosiluku julkaisuvuotta suomen kielell\u00e4.<\/p>\n<ul>\n<li>Kragh, Helge (1999 \/ 2002). <strong>Kvanttisukupolvet &#8211; 1900-luvun fysiikka.<\/strong> (sivut 345 &#8211; 350)<\/li>\n<li>Roberts, Paul (2004 \/ 2006). <strong>Kun \u00f6ljy loppuu &#8211; Uuden energiatalouden vaihtoehdot<\/strong>\n<ul>\n<li>(sivu 211) : &#8220;Ydinvoimassa on niin monta teknist\u00e4, taloudellista ja poliittista ongelmaa, ett\u00e4 sen tulevaisuus on ep\u00e4varma, ja niin sanottu hyv\u00e4 ydinvoima, fuusioenergia, on useimpien selvitysten mukaan vuosisadan p\u00e4\u00e4ss\u00e4 laajasta hy\u00f6dynnett\u00e4vyydest\u00e4.&#8221;<\/li>\n<li>Mit\u00e4 kirjan tekij\u00e4 tarkoittaa &#8220;laajalla hy\u00f6dynnett\u00e4vyydell\u00e4&#8221;, kaupallistako s\u00e4hk\u00f6ntuotantoa?<\/li>\n<\/ul>\n<\/li>\n<li>Stacey, Weston M. (2010).<strong> The Quest for a Fusion Energy Reactor &#8211; An insider&#8217;s account of the Intor workshop.<\/strong><\/li>\n<\/ul>\n<hr \/>\n<p>Kirjoittaja: Samuli Heikkil\u00e4 (C) 2025<\/p>\n","protected":false},"excerpt":{"rendered":"<p>Aloituspvm: 21.12.2025 Tekij\u00e4: Samuli Heikkil\u00e4 (C) 2025 Tekstit: Samuli Heikkil\u00e4, ellei toisin mainita (esim. sitaatit) Hs.fi : ?? : &#8220;Kiina himoitsee loputonta energiaa&#8221; : ( https:\/\/www.hs.fi\/maailma\/art-2000011702487.html ) Yhdysvallat pelk\u00e4\u00e4 j\u00e4\u00e4v\u00e4ns\u00e4 fuusion valjastamisessa kakkoseksi. Se ei ole mik\u00e4\u00e4n yll\u00e4tys sill\u00e4 Kiinasta on tullut yll\u00e4tt\u00e4en kova tekij\u00e4 monella saralla (esim. kannettavien valmistajana, teko\u00e4lytutkimuksessa ja fuusiotutkimuksessa). Kirjassa Ulkopolitiikkaa &hellip;<\/p>\n<p class=\"read-more\"> <a class=\"\" href=\"https:\/\/kaskipaja.net\/kaski\/fuusioreaktoreista\/\"> <span class=\"screen-reader-text\">Fuusioreaktoreista<\/span> Read More &raquo;<\/a><\/p>\n","protected":false},"author":1,"featured_media":0,"parent":0,"menu_order":0,"comment_status":"closed","ping_status":"closed","template":"","meta":{"site-sidebar-layout":"default","site-content-layout":"","ast-site-content-layout":"default","site-content-style":"default","site-sidebar-style":"default","ast-global-header-display":"","ast-banner-title-visibility":"","ast-main-header-display":"","ast-hfb-above-header-display":"","ast-hfb-below-header-display":"","ast-hfb-mobile-header-display":"","site-post-title":"","ast-breadcrumbs-content":"","ast-featured-img":"","footer-sml-layout":"","theme-transparent-header-meta":"default","adv-header-id-meta":"","stick-header-meta":"","header-above-stick-meta":"","header-main-stick-meta":"","header-below-stick-meta":"","astra-migrate-meta-layouts":"set","footnotes":""},"_links":{"self":[{"href":"https:\/\/kaskipaja.net\/kaski\/wp-json\/wp\/v2\/pages\/2469"}],"collection":[{"href":"https:\/\/kaskipaja.net\/kaski\/wp-json\/wp\/v2\/pages"}],"about":[{"href":"https:\/\/kaskipaja.net\/kaski\/wp-json\/wp\/v2\/types\/page"}],"author":[{"embeddable":true,"href":"https:\/\/kaskipaja.net\/kaski\/wp-json\/wp\/v2\/users\/1"}],"replies":[{"embeddable":true,"href":"https:\/\/kaskipaja.net\/kaski\/wp-json\/wp\/v2\/comments?post=2469"}],"version-history":[{"count":8,"href":"https:\/\/kaskipaja.net\/kaski\/wp-json\/wp\/v2\/pages\/2469\/revisions"}],"predecessor-version":[{"id":2489,"href":"https:\/\/kaskipaja.net\/kaski\/wp-json\/wp\/v2\/pages\/2469\/revisions\/2489"}],"wp:attachment":[{"href":"https:\/\/kaskipaja.net\/kaski\/wp-json\/wp\/v2\/media?parent=2469"}],"curies":[{"name":"wp","href":"https:\/\/api.w.org\/{rel}","templated":true}]}}