{"id":2490,"date":"2025-12-31T16:08:13","date_gmt":"2025-12-31T16:08:13","guid":{"rendered":"https:\/\/kaskipaja.net\/kaski\/?page_id=2490"},"modified":"2026-01-01T03:44:50","modified_gmt":"2026-01-01T03:44:50","slug":"tietoisuus-aly-ja-tekoaly","status":"publish","type":"page","link":"https:\/\/kaskipaja.net\/kaski\/tietoisuus-aly-ja-tekoaly\/","title":{"rendered":"Tietoisuus, \u00e4ly ja teko\u00e4ly"},"content":{"rendered":"<p><strong>Aloituspvm:<\/strong> 31.12.2025<\/p>\n<p><strong>Tekij\u00e4:<\/strong> Samuli Heikkil\u00e4 (C)<\/p>\n<p>Nyky\u00e4\u00e4n kukaan v\u00e4h\u00e4nk\u00e4\u00e4n aikaansa seuraava ei voi v\u00e4ltty\u00e4 kuulemasta ja lukemasta teko\u00e4lyst\u00e4. Itse olen jonkin verran lukenut teko\u00e4ly\u00e4 koskevaa kirjallisuutta, mutta miksik\u00e4\u00e4n asiantuntijaksi en tunnusta itse\u00e4ni, ennemminkin pikku hiljaa kehittyv\u00e4ksi &#8220;harrastelija-asiantuntijaksi&#8221;. Teko\u00e4lyn suhteen olen, jos en ihan aloitteleva, niin silloin t\u00e4ll\u00f6in teko\u00e4lyuutisia bongaava maailmanmenon seuraaja.<\/p>\n<p><strong>Tietoisuuden, \u00e4lyn ja teko\u00e4lyn k\u00e4sitteiden m\u00e4\u00e4rittelyst\u00e4<\/strong><\/p>\n<p>On t\u00e4rke\u00e4\u00e4 ensin m\u00e4\u00e4ritt\u00e4\u00e4 mit\u00e4 tarkoitetaan tietoisuudella ja \u00e4lyll\u00e4, samoin kuin teko\u00e4lyll\u00e4. Voiko tietokone olla jollain tasolla tietoinen, jos sill\u00e4 on &#8220;aisteja&#8221; kuten ihmisell\u00e4 eli esim. tietokoneella mikrofoni ja puheen ymm\u00e4rt\u00e4minen, kosketusn\u00e4ytt\u00f6 (tuntoaisti). Vai onko kyseess\u00e4 sittenkin vain pelkk\u00e4 kone, joka tekee asioita algoritmien ja palautteen mukaisesti? Tietoisuus ja \u00e4ly -asioita on toki taidettu filosofoida ja ihmetell\u00e4 jo vuosisadat. Tietoisuus voidaan jollain tasolla m\u00e4\u00e4ritell\u00e4, mutta toinen juttu onkin sitten se miss\u00e4 tietoisuus aivoissamme sijaitsee.<\/p>\n<p>Aikoinaan yliopistossa 25 vuotta sitten opiskellessani kukaan ei tainnut puhuakaan teko\u00e4lyst\u00e4, oli niin paljon kovempia juttuja kuten hyper- ja multimedia, nyt on kova sana teko\u00e4ly, ent\u00e4 miten on 30 vuoden p\u00e4\u00e4st\u00e4? En l\u00e4hde ennustamaan, mutta ehk\u00e4 hyper- ja multimediaa ja teko\u00e4ly\u00e4 ihmetell\u00e4\u00e4n my\u00f6s silloinkin.<\/p>\n<p>Ensimm\u00e4inen tietokoneeni oli kotiimme vuonna 1983 hankittu Vic-20-tietokone, johon ostin laajennusmoduulina Sargon II Chess &#8211; shakkipelin. Pienest\u00e4 kilotavum\u00e4\u00e4r\u00e4st\u00e4 huolimatta peliin oli saatu koodattu jonkinlaista teko\u00e4ly\u00e4, jonka muutaman kerran voitin ihan alimmilla tasoilla. Eli jos Vic-20:ss\u00e4 oli muistia kolme kilotavua ja laajennusmoduulilla olleen pelin avulla suunnilleen 20 kilotavua, niin ei se shakkipeli hullumpi pelattava ollut.<\/p>\n<p><strong>Teko\u00e4lykirjallisuutta:<\/strong><\/p>\n<ul>\n<li>J\u00e4\u00e4skel\u00e4inen, Atte (2019). <strong>Mit\u00e4 tapahtuu huomenna kun teko\u00e4ly poistaa j\u00e4rjett\u00f6myydet?<\/strong><\/li>\n<li>Marttinen, Jussi (2018). <strong>Palvelukseen halutaan robotti \u2013 teko\u00e4ly ja tulevaisuuden ty\u00f6el\u00e4m\u00e4.<\/strong><\/li>\n<li>Merilehto, Antti (2018). <strong>Teko\u00e4ly \u2013 matkaopas johtajalle.<\/strong><\/li>\n<li>Ollila, Maija-Riitta (2019). <strong>Teko\u00e4lyn etiikkaa.<\/strong><\/li>\n<li>Siukonen, Timo &amp; Neittaanm\u00e4ki, Pekka (2019). <strong>Mit\u00e4 tulisi tiet\u00e4\u00e4 teko\u00e4lyst\u00e4.<\/strong><\/li>\n<li>Tegmark, Max (2017). <strong>Life 3.0 \u2013 Being human in the age of artificial intelligence.<\/strong><\/li>\n<li>Toivonen, Hannu (2023). <strong>Mit\u00e4 teko\u00e4ly on? \u2013 100 kysymyst\u00e4 ja vastausta.<\/strong><\/li>\n<li><strong>\u00c4lyk\u00e4s huominen \u2013 Miten teko\u00e4ly ja digitalisaatio muuttavat maailmaa?<\/strong> (2021). Tiedekulmapokkari 4.<\/li>\n<\/ul>\n<hr \/>\n<p><strong>Tekij\u00e4:<\/strong> Samuli Heikkil\u00e4 (C) 2025<\/p>\n","protected":false},"excerpt":{"rendered":"<p>Aloituspvm: 31.12.2025 Tekij\u00e4: Samuli Heikkil\u00e4 (C) Nyky\u00e4\u00e4n kukaan v\u00e4h\u00e4nk\u00e4\u00e4n aikaansa seuraava ei voi v\u00e4ltty\u00e4 kuulemasta ja lukemasta teko\u00e4lyst\u00e4. Itse olen jonkin verran lukenut teko\u00e4ly\u00e4 koskevaa kirjallisuutta, mutta miksik\u00e4\u00e4n asiantuntijaksi en tunnusta itse\u00e4ni, ennemminkin pikku hiljaa kehittyv\u00e4ksi &#8220;harrastelija-asiantuntijaksi&#8221;. Teko\u00e4lyn suhteen olen, jos en ihan aloitteleva, niin silloin t\u00e4ll\u00f6in teko\u00e4lyuutisia bongaava maailmanmenon seuraaja. Tietoisuuden, \u00e4lyn ja teko\u00e4lyn &hellip;<\/p>\n<p class=\"read-more\"> <a class=\"\" href=\"https:\/\/kaskipaja.net\/kaski\/tietoisuus-aly-ja-tekoaly\/\"> <span class=\"screen-reader-text\">Tietoisuus, \u00e4ly ja teko\u00e4ly<\/span> Read More &raquo;<\/a><\/p>\n","protected":false},"author":1,"featured_media":0,"parent":0,"menu_order":0,"comment_status":"closed","ping_status":"closed","template":"","meta":{"site-sidebar-layout":"default","site-content-layout":"","ast-site-content-layout":"default","site-content-style":"default","site-sidebar-style":"default","ast-global-header-display":"","ast-banner-title-visibility":"","ast-main-header-display":"","ast-hfb-above-header-display":"","ast-hfb-below-header-display":"","ast-hfb-mobile-header-display":"","site-post-title":"","ast-breadcrumbs-content":"","ast-featured-img":"","footer-sml-layout":"","theme-transparent-header-meta":"default","adv-header-id-meta":"","stick-header-meta":"","header-above-stick-meta":"","header-main-stick-meta":"","header-below-stick-meta":"","astra-migrate-meta-layouts":"set","footnotes":""},"_links":{"self":[{"href":"https:\/\/kaskipaja.net\/kaski\/wp-json\/wp\/v2\/pages\/2490"}],"collection":[{"href":"https:\/\/kaskipaja.net\/kaski\/wp-json\/wp\/v2\/pages"}],"about":[{"href":"https:\/\/kaskipaja.net\/kaski\/wp-json\/wp\/v2\/types\/page"}],"author":[{"embeddable":true,"href":"https:\/\/kaskipaja.net\/kaski\/wp-json\/wp\/v2\/users\/1"}],"replies":[{"embeddable":true,"href":"https:\/\/kaskipaja.net\/kaski\/wp-json\/wp\/v2\/comments?post=2490"}],"version-history":[{"count":8,"href":"https:\/\/kaskipaja.net\/kaski\/wp-json\/wp\/v2\/pages\/2490\/revisions"}],"predecessor-version":[{"id":2498,"href":"https:\/\/kaskipaja.net\/kaski\/wp-json\/wp\/v2\/pages\/2490\/revisions\/2498"}],"wp:attachment":[{"href":"https:\/\/kaskipaja.net\/kaski\/wp-json\/wp\/v2\/media?parent=2490"}],"curies":[{"name":"wp","href":"https:\/\/api.w.org\/{rel}","templated":true}]}}