{"id":261,"date":"2022-01-21T14:43:56","date_gmt":"2022-01-21T14:43:56","guid":{"rendered":"https:\/\/www.kaskipaja.net\/kaskiblogi\/?page_id=261"},"modified":"2022-01-21T14:43:56","modified_gmt":"2022-01-21T14:43:56","slug":"elokuvia","status":"publish","type":"page","link":"https:\/\/kaskipaja.net\/kaski\/elokuvia\/","title":{"rendered":"Elokuvia"},"content":{"rendered":"\n<h2 class=\"wp-block-heading\">Katsomisen arvoisia elokuvia<\/h2>\n\n\n\n<ul><li>The Yes Men (2003)<ul><li>Elokuvassa muun muassa seuraavat:<\/li><li>J\u00e4yn\u00e4miehet vauhdissa.<\/li><li>WTO-kritiikki\u00e4.<\/li><li>Kierr\u00e4tetyt hampurilaiset (pahimmalla mahdollisella tavalla).<\/li><li>T\u00e4ll\u00e4 elokuvalla Tampere saatiin maailmankartalle. Tekstiilialan konferenssissa j\u00e4yn\u00e4miehet jym\u00e4yttiv\u00e4t &#8216;johtajan kultaisella vapaa-ajanasulla&#8217;. Katsomisen arvoinen!<\/li><li>P\u00e4\u00e4osissa Mike Bonanno ja Andy Bichlbaum.<\/li><\/ul><\/li><\/ul>\n\n\n\n<p><\/p>\n\n\n\n<ul><li>Snowden (2016).<ul><li>Jo elokuvan nimi paljastaa kaiken.<\/li><li>Uhrautuja vai sankari vai rikollinen, tai sitten jotain aivan muuta.<\/li><li>Menee aika hyvin yksi yhteen Luke Hardingin kirjan kanssa.<\/li><\/ul><\/li><\/ul>\n\n\n\n<p><\/p>\n\n\n\n<ul><li>Where to invade next (a film by Michael Moore) (2016)<ul><li>Suomen upea kouluj\u00e4rjestelm\u00e4 vied\u00e4\u00e4n ihan luvalla Amerikkaan.<\/li><li>Amerikkalainen unelma onkin aivan muualla kuin Amerikassa.<\/li><\/ul><\/li><\/ul>\n\n\n\n<p><\/p>\n\n\n\n<ul><li>Michael Moore in TrumpLand (2016)<ul><li>Hillary sai puolustajan.<\/li><li>Moore presidenttiehdokkaaksi!<\/li><\/ul><\/li><\/ul>\n\n\n\n<p><\/p>\n\n\n\n<ul><li>JFK (1991)<ul><li>Parasta elokuvassa on Garrisonin (Kevin Costner) k\u00e4ym\u00e4 keskustelu salaper\u00e4isen herra X:n (Donald Sutherland) kanssa.<\/li><li>Herra X: &#8220;I&#8217;m not going to name names, or tell you who or what I represent,&#8221; the man says mysteriously, &#8220;Except to say &#8212; you&#8217;re close, you&#8217;re closer than you think . . .&#8221;<\/li><li>Oliko se sittenkin coup-d&#8217;etat?<\/li><\/ul><\/li><\/ul>\n\n\n\n<p><\/p>\n\n\n\n<ul><li>Will Ferrell: You&#8217;re Welcome America &#8211; A Final Night with George W Bush (2009)<ul><li>Kelpo teatteriesitys muuten niin tasapaksulta Ferrelilt\u00e4.<\/li><\/ul><\/li><\/ul>\n\n\n\n<p><\/p>\n\n\n\n<p><strong>Kirjoittaja:<\/strong> Samuli Heikkil\u00e4 (C)<\/p>\n","protected":false},"excerpt":{"rendered":"<p>Katsomisen arvoisia elokuvia The Yes Men (2003) Elokuvassa muun muassa seuraavat: J\u00e4yn\u00e4miehet vauhdissa. WTO-kritiikki\u00e4. Kierr\u00e4tetyt hampurilaiset (pahimmalla mahdollisella tavalla). T\u00e4ll\u00e4 elokuvalla Tampere saatiin maailmankartalle. Tekstiilialan konferenssissa j\u00e4yn\u00e4miehet jym\u00e4yttiv\u00e4t &#8216;johtajan kultaisella vapaa-ajanasulla&#8217;. Katsomisen arvoinen! P\u00e4\u00e4osissa Mike Bonanno ja Andy Bichlbaum. Snowden (2016). Jo elokuvan nimi paljastaa kaiken. Uhrautuja vai sankari vai rikollinen, tai sitten jotain aivan &hellip;<\/p>\n<p class=\"read-more\"> <a class=\"\" href=\"https:\/\/kaskipaja.net\/kaski\/elokuvia\/\"> <span class=\"screen-reader-text\">Elokuvia<\/span> Read More &raquo;<\/a><\/p>\n","protected":false},"author":1,"featured_media":0,"parent":0,"menu_order":0,"comment_status":"closed","ping_status":"closed","template":"","meta":{"site-sidebar-layout":"default","site-content-layout":"","ast-site-content-layout":"","site-content-style":"default","site-sidebar-style":"default","ast-global-header-display":"","ast-banner-title-visibility":"","ast-main-header-display":"","ast-hfb-above-header-display":"","ast-hfb-below-header-display":"","ast-hfb-mobile-header-display":"","site-post-title":"","ast-breadcrumbs-content":"","ast-featured-img":"","footer-sml-layout":"","theme-transparent-header-meta":"","adv-header-id-meta":"","stick-header-meta":"","header-above-stick-meta":"","header-main-stick-meta":"","header-below-stick-meta":"","astra-migrate-meta-layouts":"","footnotes":""},"_links":{"self":[{"href":"https:\/\/kaskipaja.net\/kaski\/wp-json\/wp\/v2\/pages\/261"}],"collection":[{"href":"https:\/\/kaskipaja.net\/kaski\/wp-json\/wp\/v2\/pages"}],"about":[{"href":"https:\/\/kaskipaja.net\/kaski\/wp-json\/wp\/v2\/types\/page"}],"author":[{"embeddable":true,"href":"https:\/\/kaskipaja.net\/kaski\/wp-json\/wp\/v2\/users\/1"}],"replies":[{"embeddable":true,"href":"https:\/\/kaskipaja.net\/kaski\/wp-json\/wp\/v2\/comments?post=261"}],"version-history":[{"count":0,"href":"https:\/\/kaskipaja.net\/kaski\/wp-json\/wp\/v2\/pages\/261\/revisions"}],"wp:attachment":[{"href":"https:\/\/kaskipaja.net\/kaski\/wp-json\/wp\/v2\/media?parent=261"}],"curies":[{"name":"wp","href":"https:\/\/api.w.org\/{rel}","templated":true}]}}