{"id":264,"date":"2022-01-21T14:49:32","date_gmt":"2022-01-21T14:49:32","guid":{"rendered":"https:\/\/www.kaskipaja.net\/kaskiblogi\/?page_id=264"},"modified":"2023-10-14T03:42:03","modified_gmt":"2023-10-14T03:42:03","slug":"elokuvasitaatteja","status":"publish","type":"page","link":"https:\/\/kaskipaja.net\/kaski\/elokuvasitaatteja\/","title":{"rendered":"Sitaatteja: elokuvat"},"content":{"rendered":"\r\n<p>&#8212; &#8220;You want to see a miracle, son? Be the miracle.&#8221; (Bruce Almighty)<\/p>\r\n\r\n\r\n\r\n<p>&#8212; &#8220;Suomen pojaat tulkaa hakemaan leip\u00e4\u00e4!!&#8221;<br \/>&#8220;Tuu sin\u00e4 hakemaan leip\u00e4s p\u00e4\u00e4lle voita!!!!&#8221; (Tuntematon sotilas, 2017)<\/p>\r\n\r\n\r\n\r\n<p>&#8212; &#8220;Not who, or what, or when, but why.&#8221; ( Elliot Carver \/ Tomorrow never dies )<\/p>\r\n\r\n\r\n\r\n<p>&#8212; &#8220;There&#8217;s no news, like bad news.&#8221;\u00a0( Elliot Carver \/ Tomorrow never dies )<\/p>\r\n\r\n\r\n\r\n<p>&#8212; &#8220;But I&#8217;m not going to name names, or tell you who or what I represent. Except to say&#8211;you&#8217;re close, you&#8217;re closer than you think.&#8221; (Mr. X \/ JFK)<\/p>\r\n\r\n\r\n\r\n<p>&#8212; &#8220;&#8230;one blank, no one&#8217;s guilty because everyone in the Power Structure who knows anything has a plausible deniability. There are no compromising connections except at the most secret point. But what&#8217;s paramount is that it must succeed. No matter how many die, how much it costs, the perpetrators must be on the winning side and never subject to prosecution for anything by anyone. That is a coup d&#8217;etat. (Mr. X \/ JFK)<\/p>\r\n\r\n\r\n\r\n<p>&#8212; &#8220;There&#8217;s always a bigger fish.&#8221; (Qui-Gon Jinn\u00a0\/ Star Wars: Episode I &#8211; The Phantom Menace (1999)<\/p>\r\n\r\n\r\n\r\n<p>&#8212; &#8220;No one expects you to know everything except you.&#8221; (Mike Donovan \/ V: The Final Battle)<\/p>\r\n\r\n\r\n\r\n<p>&#8212; \u201dYou almost pulled it off, Charlie. But I know all about it now, and I<br \/>can prove it.\u201d (Dr. Kimble \/ The Fugitive)<\/p>\r\n\r\n\r\n\r\n<p>&nbsp;<\/p>\r\n\r\n\r\n\r\n<p><strong>Kirjoittaja:<\/strong> Samuli Heikkil\u00e4 (C)<\/p>\r\n","protected":false},"excerpt":{"rendered":"<p>&#8212; &#8220;You want to see a miracle, son? Be the miracle.&#8221; (Bruce Almighty) &#8212; &#8220;Suomen pojaat tulkaa hakemaan leip\u00e4\u00e4!!&#8221;&#8220;Tuu sin\u00e4 hakemaan leip\u00e4s p\u00e4\u00e4lle voita!!!!&#8221; (Tuntematon sotilas, 2017) &#8212; &#8220;Not who, or what, or when, but why.&#8221; ( Elliot Carver \/ Tomorrow never dies ) &#8212; &#8220;There&#8217;s no news, like bad news.&#8221;\u00a0( Elliot Carver \/ Tomorrow &hellip;<\/p>\n<p class=\"read-more\"> <a class=\"\" href=\"https:\/\/kaskipaja.net\/kaski\/elokuvasitaatteja\/\"> <span class=\"screen-reader-text\">Sitaatteja: elokuvat<\/span> Read More &raquo;<\/a><\/p>\n","protected":false},"author":1,"featured_media":0,"parent":0,"menu_order":0,"comment_status":"closed","ping_status":"closed","template":"","meta":{"site-sidebar-layout":"default","site-content-layout":"","ast-site-content-layout":"default","site-content-style":"default","site-sidebar-style":"default","ast-global-header-display":"","ast-banner-title-visibility":"","ast-main-header-display":"","ast-hfb-above-header-display":"","ast-hfb-below-header-display":"","ast-hfb-mobile-header-display":"","site-post-title":"","ast-breadcrumbs-content":"","ast-featured-img":"","footer-sml-layout":"","theme-transparent-header-meta":"default","adv-header-id-meta":"","stick-header-meta":"","header-above-stick-meta":"","header-main-stick-meta":"","header-below-stick-meta":"","astra-migrate-meta-layouts":"set","footnotes":""},"_links":{"self":[{"href":"https:\/\/kaskipaja.net\/kaski\/wp-json\/wp\/v2\/pages\/264"}],"collection":[{"href":"https:\/\/kaskipaja.net\/kaski\/wp-json\/wp\/v2\/pages"}],"about":[{"href":"https:\/\/kaskipaja.net\/kaski\/wp-json\/wp\/v2\/types\/page"}],"author":[{"embeddable":true,"href":"https:\/\/kaskipaja.net\/kaski\/wp-json\/wp\/v2\/users\/1"}],"replies":[{"embeddable":true,"href":"https:\/\/kaskipaja.net\/kaski\/wp-json\/wp\/v2\/comments?post=264"}],"version-history":[{"count":1,"href":"https:\/\/kaskipaja.net\/kaski\/wp-json\/wp\/v2\/pages\/264\/revisions"}],"predecessor-version":[{"id":1245,"href":"https:\/\/kaskipaja.net\/kaski\/wp-json\/wp\/v2\/pages\/264\/revisions\/1245"}],"wp:attachment":[{"href":"https:\/\/kaskipaja.net\/kaski\/wp-json\/wp\/v2\/media?parent=264"}],"curies":[{"name":"wp","href":"https:\/\/api.w.org\/{rel}","templated":true}]}}