{"id":266,"date":"2022-01-21T14:54:30","date_gmt":"2022-01-21T14:54:30","guid":{"rendered":"https:\/\/www.kaskipaja.net\/kaskiblogi\/?page_id=266"},"modified":"2023-10-14T03:41:26","modified_gmt":"2023-10-14T03:41:26","slug":"kirjasitaatteja","status":"publish","type":"page","link":"https:\/\/kaskipaja.net\/kaski\/kirjasitaatteja\/","title":{"rendered":"Sitaatteja: kirjat"},"content":{"rendered":"\r\n<p>&#8220;Varoitus! T\u00e4m\u00e4n kirjan kaikki henkil\u00f6t ovat todellisia, eik\u00e4 joukkoon ole eksynyt yht\u00e4\u00e4n k\u00f6yh\u00e4\u00e4. Ei kuitenkaan ole rikkaita ilman k\u00f6yhi\u00e4.&#8221; (Kirjassa: Sepp\u00e4nen (2014). Suomen rikkaat &#8211; Kuka kukin on, alkulehdelt\u00e4)<\/p>\r\n\r\n\r\n<hr class=\"wp-block-separator has-alpha-channel-opacity\" \/>\r\n\r\n\r\n<p><strong>Donald Trump<\/strong> on sanonut: &#8220;Viimeinen avain siihen, miten asioita markkinoin, on mahtailu. Leikittelen mielell\u00e4ni ihmisten fantasioilla. Ihmiset eiv\u00e4t ehk\u00e4 ole niin innostuneita itsest\u00e4\u00e4n, mutta he voivat innostua ihmisist\u00e4, jotka ovat sit\u00e4. Siksi pieni liioittelu on aina paikallaan. Ihmiset haluavat uskoa, ett\u00e4 jokin on suurinta, hienointa ja kaikista ihmeellisint\u00e4. Min\u00e4 kutsun sit\u00e4 totuudelliseksi liioitteluksi. Se on liioittelun viaton muoto &#8211; ja hyvin tehokasta promootiota.&#8221; (Kirjassa: Saarikoski &amp; Saarikoski (2016). Trump &#8211; mies kuin Amerikka, sivulta 39.)<\/p>\r\n\r\n\r\n<hr class=\"wp-block-separator has-css-opacity\" \/>\r\n\r\n\r\n<p>&#8220;&#8230;Parvi\u00e4ly\u00e4 ei olekaan olemassa. Parvi\u00e4lytt\u00f6myytt\u00e4 on. Satunnaisesti joukon suuntaa ohjaavat rohkeat ja vuorovaikutustaitoiset yksil\u00f6t tai rohkeat ja vuorovaikutustaitoiset ryhm\u00e4t. Parven \u00e4ly ei kasva, tunne kyll\u00e4. Parvi on tyhm\u00e4.&#8221; <strong>Jungner, Mikael<\/strong> (2011). Toimistokuukkeli (sivut 8 &#8211; 9) :<\/p>\r\n\r\n\r\n<hr class=\"wp-block-separator has-css-opacity\" \/>\r\n\r\n\r\n<p>&#8220;Jotta paha voittaisi, riitt\u00e4\u00e4 ett\u00e4 hyv\u00e4t ihmiset eiv\u00e4t tee mit\u00e4\u00e4n.&#8221; &#8211; <strong>Edmund Burke<\/strong> &#8211; (Pia Rendic (2015). Ihmiskaupan kasvot)<\/p>\r\n\r\n\r\n<hr class=\"wp-block-separator has-css-opacity\" \/>\r\n\r\n\r\n<p>&#8220;Kaikki totuudet kulkevat kolmen vaiheen l\u00e4pi. Ensin niille nauretaan. Sitten niit\u00e4 vastustetaan voimakkaasti. Ja lopulta ne hyv\u00e4ksyt\u00e4\u00e4n itsest\u00e4\u00e4nselvyyksin\u00e4.&#8221; &#8211; <strong>Arthur Schopenhauer<\/strong> &#8211; (Partanen &amp; Paloheimo &amp; Waris (2013). Suomi \u00f6ljyn j\u00e4lkeen (sivulta 274) )<\/p>\r\n\r\n\r\n<hr class=\"wp-block-separator has-css-opacity\" \/>\r\n\r\n\r\n<p>&#8220;Inhoan kilpailua ja kireit\u00e4 aikatauluja, t\u00e4ytt\u00e4 kalenteria ja ylenpalttista kuntoilua. Tarinat uskomattoman kiireisist\u00e4, nopeista, urheilullisista, itsevarmoista ja menestyneist\u00e4 amerikkalaisista, jotka suorittavat \u00e4llitystytt\u00e4v\u00e4n m\u00e4\u00e4r\u00e4n asioita joka ainoa p\u00e4iv\u00e4, uuvuttavat minut totaalisesti.&#8221; <strong>Partanen, Anu<\/strong> (2017 \/ 2016). Pohjoinen teoria kaikesta &#8211; Parempaa el\u00e4m\u00e4\u00e4 etsim\u00e4ss\u00e4, (sivulta 285)<\/p>\r\n\r\n\r\n<hr class=\"wp-block-separator has-css-opacity\" \/>\r\n\r\n\r\n<p>&#8220;Mutta jos paine yhdenmukaisuuteen ja itsens\u00e4 v\u00e4h\u00e4ttelyyn on Pohjoismaissa niin musertava, voivatko pohjoismaalaiset todella olla onnellisia? Voivatko Pohjoismaat v\u00e4itt\u00e4\u00e4 rehellisesti olevansa individualismin, itsen\u00e4isyyden, vapauden ja mahdollisuuksien maita, jos niiss\u00e4 pakotetaan kaikki toistensa klooneiksi?&#8221; <strong>Partanen, Anu<\/strong> (2017 \/ 2016). Pohjoinen teoria kaikesta &#8211; Parempaa el\u00e4m\u00e4\u00e4 etsim\u00e4ss\u00e4 (sivulta 282)<\/p>\r\n\r\n\r\n<hr class=\"wp-block-separator has-css-opacity\" \/>\r\n\r\n\r\n<p>&#8220;&#8230;nyt on vallalla v\u00e4h\u00e4n t\u00e4llainen supersuorittajan eetos ja kilpaillaan siit\u00e4, kuka tekee eniten t\u00f6it\u00e4. Fakta on kuitenkin se, ettei puurtamalla synny superoivalluksia.&#8221; <strong>Kormilainen, Ville<\/strong> (2015). Kukaan ei puhu Fruugosta &#8211; tarinoita StartUp-Suomesta, (sivulta 153)<\/p>\r\n\r\n\r\n<hr class=\"wp-block-separator has-css-opacity\" \/>\r\n\r\n\r\n<p>&#8220;Ymm\u00e4rr\u00e4n tavallaan sit\u00e4 paloa, joka saa rakentamaan jotain uskomattoman typer\u00e4\u00e4 tuotetta 18 tuntia vuorokaudessa ilman palkkaa, ilman mit\u00e4\u00e4n tarkeita siit\u00e4, ett\u00e4 homma menestyy.&#8221; <strong>Kormilainen, Ville<\/strong> (2015). Kukaan ei puhu Fruugosta &#8211; tarinoita StartUp-Suomesta<\/p>\r\n\r\n\r\n<hr class=\"wp-block-separator has-css-opacity\" \/>\r\n\r\n\r\n<p>&#8220;Kansalaiset. 1800-luku on suuri vuosisata, mutta 1900-luku tulee olemaan onnellinen vuosisata. Silloin ei tule en\u00e4\u00e4 olemaan mit\u00e4\u00e4n, mik\u00e4 muistuttaa vanhasta historiasta: ei tarvitse en\u00e4\u00e4 pel\u00e4t\u00e4 &#8211; niin kuin t\u00e4n\u00e4\u00e4n &#8211; valloitusta, maahantunkeutumista, vallankaapausta, kansakuntien v\u00e4list\u00e4 aseellista kilpailua &#8230; Ei tarvitse en\u00e4\u00e4 pel\u00e4t\u00e4 n\u00e4l\u00e4nh\u00e4t\u00e4\u00e4, hyv\u00e4ksik\u00e4ytt\u00e4mist\u00e4, kurjuudesta johtuvaa prostituutiota, ty\u00f6tt\u00f6myydest\u00e4 ja orjaty\u00f6st\u00e4 johtuvaa h\u00e4t\u00e4\u00e4, eik\u00e4 miekkaa, taisteluita &#8230; &#8221; <strong>Victor Hugo<\/strong>: Kurjat (Les mis\u00e9rables, 1862)<\/p>\r\n\r\n\r\n<hr class=\"wp-block-separator has-css-opacity\" \/>\r\n\r\n\r\n<p>Sitaatit t\u00e4lle sivulle lainasi Samuli Heikkil\u00e4.<\/p>\r\n","protected":false},"excerpt":{"rendered":"<p>&#8220;Varoitus! T\u00e4m\u00e4n kirjan kaikki henkil\u00f6t ovat todellisia, eik\u00e4 joukkoon ole eksynyt yht\u00e4\u00e4n k\u00f6yh\u00e4\u00e4. Ei kuitenkaan ole rikkaita ilman k\u00f6yhi\u00e4.&#8221; (Kirjassa: Sepp\u00e4nen (2014). Suomen rikkaat &#8211; Kuka kukin on, alkulehdelt\u00e4) Donald Trump on sanonut: &#8220;Viimeinen avain siihen, miten asioita markkinoin, on mahtailu. Leikittelen mielell\u00e4ni ihmisten fantasioilla. Ihmiset eiv\u00e4t ehk\u00e4 ole niin innostuneita itsest\u00e4\u00e4n, mutta he voivat &hellip;<\/p>\n<p class=\"read-more\"> <a class=\"\" href=\"https:\/\/kaskipaja.net\/kaski\/kirjasitaatteja\/\"> <span class=\"screen-reader-text\">Sitaatteja: kirjat<\/span> Read More &raquo;<\/a><\/p>\n","protected":false},"author":1,"featured_media":0,"parent":0,"menu_order":0,"comment_status":"closed","ping_status":"closed","template":"","meta":{"site-sidebar-layout":"default","site-content-layout":"","ast-site-content-layout":"default","site-content-style":"default","site-sidebar-style":"default","ast-global-header-display":"","ast-banner-title-visibility":"","ast-main-header-display":"","ast-hfb-above-header-display":"","ast-hfb-below-header-display":"","ast-hfb-mobile-header-display":"","site-post-title":"","ast-breadcrumbs-content":"","ast-featured-img":"","footer-sml-layout":"","theme-transparent-header-meta":"default","adv-header-id-meta":"","stick-header-meta":"","header-above-stick-meta":"","header-main-stick-meta":"","header-below-stick-meta":"","astra-migrate-meta-layouts":"set","footnotes":""},"_links":{"self":[{"href":"https:\/\/kaskipaja.net\/kaski\/wp-json\/wp\/v2\/pages\/266"}],"collection":[{"href":"https:\/\/kaskipaja.net\/kaski\/wp-json\/wp\/v2\/pages"}],"about":[{"href":"https:\/\/kaskipaja.net\/kaski\/wp-json\/wp\/v2\/types\/page"}],"author":[{"embeddable":true,"href":"https:\/\/kaskipaja.net\/kaski\/wp-json\/wp\/v2\/users\/1"}],"replies":[{"embeddable":true,"href":"https:\/\/kaskipaja.net\/kaski\/wp-json\/wp\/v2\/comments?post=266"}],"version-history":[{"count":1,"href":"https:\/\/kaskipaja.net\/kaski\/wp-json\/wp\/v2\/pages\/266\/revisions"}],"predecessor-version":[{"id":1244,"href":"https:\/\/kaskipaja.net\/kaski\/wp-json\/wp\/v2\/pages\/266\/revisions\/1244"}],"wp:attachment":[{"href":"https:\/\/kaskipaja.net\/kaski\/wp-json\/wp\/v2\/media?parent=266"}],"curies":[{"name":"wp","href":"https:\/\/api.w.org\/{rel}","templated":true}]}}