{"id":276,"date":"2022-01-21T15:12:30","date_gmt":"2022-01-21T15:12:30","guid":{"rendered":"https:\/\/www.kaskipaja.net\/kaskiblogi\/?page_id=276"},"modified":"2022-01-21T15:12:30","modified_gmt":"2022-01-21T15:12:30","slug":"suomen-idea","status":"publish","type":"page","link":"https:\/\/kaskipaja.net\/kaski\/suomen-idea\/","title":{"rendered":"Suomen idea"},"content":{"rendered":"\n<p>(Julkaistu ensimm\u00e4isen kerran 12.1.2017)<\/p>\n\n\n\n<ul><li>Suomen ideaa tulisi pohtia etenkin nyt juhlavuonna 2017 ja vastedeskin. T\u00e4llaiset pohdinnathan eiv\u00e4t miss\u00e4\u00e4n nimess\u00e4 saa sijoittua vain joillekin m\u00e4\u00e4r\u00e4tyille vuosille.<\/li><li>Suomen idea eli mit\u00e4 me kansakuntana olemme. N\u00e4in sen omalla kohdallani ymm\u00e4rr\u00e4n.<\/li><li>Aiheeseen liittyen l\u00f6ysin Suomalaisesta Kirjakaupasta <strong>kirjan Suomen idea<\/strong>. Sen on kirjoittanut <strong>Jarno Limn\u00e9ll<\/strong>. Kirja on vuodelta 2016.<\/li><li>Jarno Limn\u00e9ll on Aalto-yliopiston professori ja kyberturvallisuusjohtaja suomalaisessa yhti\u00f6ss\u00e4.<\/li><li>Kirjasta todetaan seuraavaa:<\/li><\/ul>\n\n\n\n<p><strong>&#8220;<\/strong> &#8230; T\u00e4rkein kysymys Suomessa nyt kuuluu: Millainen Suomi on ja mit\u00e4 suomalaisuus merkitsee \u2013 tulevaisuudessa? Tai paremminkin: Millaisen Suomen ja suomalaisuuden haluamme luoda?<\/p>\n\n\n\n<p>&#8230; Kirjoittajia yhdist\u00e4\u00e4 n\u00e4kemys Suomen tulevaisuuden tarinan tarpeellisuudesta. Kirjassa katsotaan tulevaisuuteen ja pohditaan my\u00f6s keinoja ja ratkaisuja, joilla tavoiteltu tulevaisuus \u2013 Suomen idea \u2013 on mahdollista saavuttaa. Omien arvojemme kest\u00e4vyys sek\u00e4 suomalaisten niit\u00e4 kohtaan osoittama luottamus on Suomen idean luomisen keski\u00f6ss\u00e4.<\/p>\n\n\n\n<p>&#8230; Suomen tulevaisuuden ideaa eiv\u00e4t kirjoita yksinomaan t\u00e4m\u00e4n kirjan kirjoittajat. Jokaisen suomalaisen \u00e4\u00e4ni ja mielipide on t\u00e4rke\u00e4. &#8230; <strong>&#8221; \u00a0[1]<\/strong><\/p>\n\n\n\n<p><strong>L\u00e4hteet:<\/strong><br><strong>[1]<\/strong>&nbsp;http:\/\/www.docendo.fi\/suomen-idea-jarno-limnell-toim.html<\/p>\n\n\n\n<p><strong>Edellisten kirjasitaattien pohjalta voisi kysy\u00e4 esimerkiksi seuraavia kysymyksi\u00e4:<\/strong><\/p>\n\n\n\n<ol><li>Mik\u00e4 on ollut aikaisemmin Suomen idea?<\/li><li>Mik\u00e4 on Suomen idea vuonna 2017?<\/li><li>Onko Suomen idea loistanut kirkkaana vai kuljemmeko sumussa?<\/li><li>Olemmeko edes miettineet Suomen ideaa? Mik\u00e4 on ollut sen ajankohtaisuus?<\/li><li>Onko Suomen idea ollut aina aikojen saatossa sama?<\/li><li>Ent\u00e4 mik\u00e4 on Suomen idea tulevaisuudessa?<\/li><li>Mitk\u00e4 ovat olleet, ovat ja tulevat olemaan Suomen arvot? Miten ne ovat muuttuneet historian aikana?<\/li><\/ol>\n\n\n\n<p><\/p>\n\n\n\n<p><strong>Kirjoittaja:<\/strong> Samuli Heikkil\u00e4 (C)<\/p>\n","protected":false},"excerpt":{"rendered":"<p>(Julkaistu ensimm\u00e4isen kerran 12.1.2017) Suomen ideaa tulisi pohtia etenkin nyt juhlavuonna 2017 ja vastedeskin. T\u00e4llaiset pohdinnathan eiv\u00e4t miss\u00e4\u00e4n nimess\u00e4 saa sijoittua vain joillekin m\u00e4\u00e4r\u00e4tyille vuosille. Suomen idea eli mit\u00e4 me kansakuntana olemme. N\u00e4in sen omalla kohdallani ymm\u00e4rr\u00e4n. Aiheeseen liittyen l\u00f6ysin Suomalaisesta Kirjakaupasta kirjan Suomen idea. Sen on kirjoittanut Jarno Limn\u00e9ll. Kirja on vuodelta 2016. Jarno &hellip;<\/p>\n<p class=\"read-more\"> <a class=\"\" href=\"https:\/\/kaskipaja.net\/kaski\/suomen-idea\/\"> <span class=\"screen-reader-text\">Suomen idea<\/span> Read More &raquo;<\/a><\/p>\n","protected":false},"author":1,"featured_media":0,"parent":0,"menu_order":0,"comment_status":"closed","ping_status":"closed","template":"","meta":{"site-sidebar-layout":"default","site-content-layout":"","ast-site-content-layout":"","site-content-style":"default","site-sidebar-style":"default","ast-global-header-display":"","ast-banner-title-visibility":"","ast-main-header-display":"","ast-hfb-above-header-display":"","ast-hfb-below-header-display":"","ast-hfb-mobile-header-display":"","site-post-title":"","ast-breadcrumbs-content":"","ast-featured-img":"","footer-sml-layout":"","theme-transparent-header-meta":"","adv-header-id-meta":"","stick-header-meta":"","header-above-stick-meta":"","header-main-stick-meta":"","header-below-stick-meta":"","astra-migrate-meta-layouts":"","footnotes":""},"_links":{"self":[{"href":"https:\/\/kaskipaja.net\/kaski\/wp-json\/wp\/v2\/pages\/276"}],"collection":[{"href":"https:\/\/kaskipaja.net\/kaski\/wp-json\/wp\/v2\/pages"}],"about":[{"href":"https:\/\/kaskipaja.net\/kaski\/wp-json\/wp\/v2\/types\/page"}],"author":[{"embeddable":true,"href":"https:\/\/kaskipaja.net\/kaski\/wp-json\/wp\/v2\/users\/1"}],"replies":[{"embeddable":true,"href":"https:\/\/kaskipaja.net\/kaski\/wp-json\/wp\/v2\/comments?post=276"}],"version-history":[{"count":0,"href":"https:\/\/kaskipaja.net\/kaski\/wp-json\/wp\/v2\/pages\/276\/revisions"}],"wp:attachment":[{"href":"https:\/\/kaskipaja.net\/kaski\/wp-json\/wp\/v2\/media?parent=276"}],"curies":[{"name":"wp","href":"https:\/\/api.w.org\/{rel}","templated":true}]}}