{"id":279,"date":"2022-01-21T15:21:22","date_gmt":"2022-01-21T15:21:22","guid":{"rendered":"https:\/\/www.kaskipaja.net\/kaskiblogi\/?page_id=279"},"modified":"2022-01-21T15:21:22","modified_gmt":"2022-01-21T15:21:22","slug":"tietoja-sivustosta","status":"publish","type":"page","link":"https:\/\/kaskipaja.net\/kaski\/tietoja-sivustosta\/","title":{"rendered":"Tietoja sivustosta"},"content":{"rendered":"\n<p><strong>Vaikka sivustoni sivuilla onkin (C)-merkki, saat silti kopioida tekstej\u00e4 itsellesi omaan k\u00e4ytt\u00f6\u00f6n, mutta vain omaan. Tekstej\u00e4 ei saa levitt\u00e4\u00e4 sellaisenaan ilman lupaa. Jos kuitenkin lainaat eli siteeraat tekstej\u00e4ni ja liit\u00e4t ne sitten julkaistavaan materiaaliin (miss\u00e4 tahansa muodossa), muistathan aina mainita tekij\u00e4n, sivusto- ym. tarvittavat tiedot. Eli sitaatit sallin. Tekstien kaupallinen k\u00e4ytt\u00f6 sellaisenaan kielletty. Poikkeuksena ovat t\u00e4ss\u00e4kin sitaatit ja tarvittavien l\u00e4hdetietojen ilmaiseminen.<\/strong><\/p>\n\n\n\n<p><strong>Vain sivuston tekij\u00e4ll\u00e4 oikeudet levitt\u00e4\u00e4 tekstej\u00e4 sellaisenaan tai k\u00e4ytt\u00e4\u00e4 tekstej\u00e4 kaupallisessa muodossa tahi muuttaa, muokata, korjata, tai poistaa ym. tesktej\u00e4 n\u00e4ist\u00e4 kuitenkin sivustolla ilmoittaen.<\/strong><\/p>\n\n\n\n<p><strong>(Kaskipaja.net, 2022) (C)<\/strong><\/p>\n","protected":false},"excerpt":{"rendered":"<p>Vaikka sivustoni sivuilla onkin (C)-merkki, saat silti kopioida tekstej\u00e4 itsellesi omaan k\u00e4ytt\u00f6\u00f6n, mutta vain omaan. Tekstej\u00e4 ei saa levitt\u00e4\u00e4 sellaisenaan ilman lupaa. Jos kuitenkin lainaat eli siteeraat tekstej\u00e4ni ja liit\u00e4t ne sitten julkaistavaan materiaaliin (miss\u00e4 tahansa muodossa), muistathan aina mainita tekij\u00e4n, sivusto- ym. tarvittavat tiedot. Eli sitaatit sallin. Tekstien kaupallinen k\u00e4ytt\u00f6 sellaisenaan kielletty. Poikkeuksena ovat &hellip;<\/p>\n<p class=\"read-more\"> <a class=\"\" href=\"https:\/\/kaskipaja.net\/kaski\/tietoja-sivustosta\/\"> <span class=\"screen-reader-text\">Tietoja sivustosta<\/span> Read More &raquo;<\/a><\/p>\n","protected":false},"author":1,"featured_media":0,"parent":0,"menu_order":0,"comment_status":"closed","ping_status":"closed","template":"","meta":{"site-sidebar-layout":"default","site-content-layout":"","ast-site-content-layout":"","site-content-style":"default","site-sidebar-style":"default","ast-global-header-display":"","ast-banner-title-visibility":"","ast-main-header-display":"","ast-hfb-above-header-display":"","ast-hfb-below-header-display":"","ast-hfb-mobile-header-display":"","site-post-title":"","ast-breadcrumbs-content":"","ast-featured-img":"","footer-sml-layout":"","theme-transparent-header-meta":"","adv-header-id-meta":"","stick-header-meta":"","header-above-stick-meta":"","header-main-stick-meta":"","header-below-stick-meta":"","astra-migrate-meta-layouts":"","footnotes":""},"_links":{"self":[{"href":"https:\/\/kaskipaja.net\/kaski\/wp-json\/wp\/v2\/pages\/279"}],"collection":[{"href":"https:\/\/kaskipaja.net\/kaski\/wp-json\/wp\/v2\/pages"}],"about":[{"href":"https:\/\/kaskipaja.net\/kaski\/wp-json\/wp\/v2\/types\/page"}],"author":[{"embeddable":true,"href":"https:\/\/kaskipaja.net\/kaski\/wp-json\/wp\/v2\/users\/1"}],"replies":[{"embeddable":true,"href":"https:\/\/kaskipaja.net\/kaski\/wp-json\/wp\/v2\/comments?post=279"}],"version-history":[{"count":0,"href":"https:\/\/kaskipaja.net\/kaski\/wp-json\/wp\/v2\/pages\/279\/revisions"}],"wp:attachment":[{"href":"https:\/\/kaskipaja.net\/kaski\/wp-json\/wp\/v2\/media?parent=279"}],"curies":[{"name":"wp","href":"https:\/\/api.w.org\/{rel}","templated":true}]}}