{"id":281,"date":"2022-01-21T15:28:31","date_gmt":"2022-01-21T15:28:31","guid":{"rendered":"https:\/\/www.kaskipaja.net\/kaskiblogi\/?page_id=281"},"modified":"2022-01-21T15:28:31","modified_gmt":"2022-01-21T15:28:31","slug":"yhdistystoiminnasta","status":"publish","type":"page","link":"https:\/\/kaskipaja.net\/kaski\/yhdistystoiminnasta\/","title":{"rendered":"Yhdistystoiminnasta"},"content":{"rendered":"\n<p>Olin aikoinaan er\u00e4\u00e4n asukasyhdistyksen j\u00e4sen sek\u00e4 aktiivinen toimija yhdeks\u00e4n vuoden ajan. Tuona aikana n\u00e4in yhdistyksen toimintaa monesta eri n\u00e4k\u00f6kulmasta \/ teht\u00e4v\u00e4st\u00e4 k\u00e4sin. Seuraavassa on joitakin omakohtaisia pohdintoja koskien yhdistystoimintaa ja sen kehitt\u00e4mist\u00e4.<\/p>\n\n\n\n<p><strong>Yritysten ja yhdistysten tavoitteista sek\u00e4 strategioista<\/strong><\/p>\n\n\n\n<p>Yritykset ja esimerkiksi erilaiset yhdistykset tekev\u00e4t pitk\u00e4n ja lyhyen ajan suunnitelmia ja asettavat my\u00f6s sek\u00e4 pitk\u00e4n ett\u00e4 lyhyen ajan tavoitteita. Yritykset laativat erilaisia strategioita kuten liiketoimintastrategioita, myynti- ja markkinointistrategioita ym. Niit\u00e4 ei yleens\u00e4 julkisuuteen anneta, vaan ne ovat ymm\u00e4rrett\u00e4v\u00e4sti salaisia. J\u00e4lkeenp\u00e4in yritykset sitten tiedottavat, ett\u00e4 nyt tehdyt toimenpiteet olivat strategioiden mukaisia.<\/p>\n\n\n\n<p>&#8220;Yrityksen strategialla tarkoitetaan keinoja, joiden avulla yritys pyrkii saavuttamaan asetetut tavoitteet. Strategian on otettava huomioon yrityksen toimintaymp\u00e4rist\u00f6 sek\u00e4 k\u00e4ytett\u00e4viss\u00e4 olevat voimavarat ja yritett\u00e4v\u00e4 sovittaa ne parhaalla mahdollisella tavalla yhteen.&#8221; [1]<\/p>\n\n\n\n<p>&#8220;Oleellisinta on tunnistaa yrityksen todelliset voimavarat. Sellaisella strategialla ei nimitt\u00e4in ole mit\u00e4\u00e4n teht\u00e4v\u00e4\u00e4, joka perustuu toiveajatteluun tai oman organisaation resurssien yliarviointiin. Toisaalta, oman organisaation voimavarojen aliarvioiminen tai se, ett\u00e4 sen kaikkia resursseja, esimerkiksi sen strategista reservi\u00e4, ei osata ottaa t\u00e4ysimittaisesti k\u00e4ytt\u00f6\u00f6n, johtaa organisaation turhautumiseen ja ainakin parhaiden voimien vaihtuvuuteen.&#8221; [1]<\/p>\n\n\n\n<p>Yhdistykset laativat my\u00f6s omia toimintasuunnitelmiaan esimerkiksi seuraavalle vuodelle. Ne voivatkin olla sitten julkisia ja niit\u00e4 voidaan julkaista etuk\u00e4teen esimerkiksi yhdistyksen omalla www-sivustolla. Toimintasuunnitelmissa voivat olla mukana esimerkiksi yhdistyksen toimintoihin liittyv\u00e4t asiat ja seuraavana vuonna j\u00e4rjestett\u00e4v\u00e4t tapahtumat. Viimeist\u00e4\u00e4n kev\u00e4\u00e4ll\u00e4 pidett\u00e4v\u00e4ss\u00e4 s\u00e4\u00e4nt\u00f6m\u00e4\u00e4r\u00e4isess\u00e4 kev\u00e4tkokouksessa n\u00e4hd\u00e4\u00e4n miten asetetut tavoitteet (toimintasuunnitelma) ovat toteutuneet kun niit\u00e4 verrataan kokouksessa k\u00e4sitelt\u00e4v\u00e4\u00e4n toimintakertomukseen.<\/p>\n\n\n\n<p>Osa yhdistyksist\u00e4 on voittoa tavoittelemattomia non-profit -organisaatioita, jotka eiv\u00e4t v\u00e4ltt\u00e4m\u00e4tt\u00e4 kilpaile kesken\u00e4\u00e4n. Sen sijaan ne pyrkiv\u00e4t tuottamaan yhteist\u00e4 hyv\u00e4\u00e4 esimerkiksi tietyn kaupunginosan asukkaille.<\/p>\n\n\n\n<p>Olisi kuitenkin totuudenvastaista sanoa, ett\u00e4 esimerkiksi samassa kaupunginosassa sijaitsevat yhdistykset eiv\u00e4t kilpailisi kesken\u00e4\u00e4n. Yhdistyksen toiminnan kokoluokka (j\u00e4senet, toiminta ym.) vaikuttaa esimerkiksi siihen, millaisen rahallisen avustuksen yhdistys saa esimerkiksi kaupungilta (vuosittain haettavat \/ saatavat toiminta-avustukset.<\/p>\n\n\n\n<p>K\u00e4rjistyksi\u00e4: Aikaisemmin oli niin, ett\u00e4 yhdistykset (sek\u00e4 muut yhteiskunnalliset toimijat kuten yritykset) kilpailivat kuluttajien rahoista. Nyt n\u00e4m\u00e4 samaiset toimijat kilpailevatkin kuluttajien (ym. toimijoiden) ajasta (ja my\u00f6s niist\u00e4 rahoista). Mit\u00e4 enemm\u00e4n aikaa kuluttaja\/asiakas yhdistyksen tapahtumassa, yrityksess\u00e4 yms. viett\u00e4\u00e4, sit\u00e4 suuremmalla todenn\u00e4k\u00f6isyydell\u00e4 h\u00e4n my\u00f6s jotakin kuluttaa (siis ostaa jotakin).<\/p>\n\n\n\n<p><strong>Yhdistyksen tulevaisuuspohdintoja<\/strong><\/p>\n\n\n\n<p>Mutta mit\u00e4 jos yhdistys kuitenkin ottaisi itse\u00e4\u00e4n niskasta kiinni ja katsoisikin sinne tulevaisuuteen. Ettei tulevaisuus j\u00e4isi hataraksi ja vain pelk\u00e4n toimintasuunnitelman varaan. Otettaisiin nykytilanne l\u00e4ht\u00f6kohdaksi ja katsoittaisiin my\u00f6s yhdistyksen menneisyys. Pohdittaisiin toimintasuunnitelmien sijaan viel\u00e4kin suurempia linjoja ja yhdistykseen vaikuttavia sis\u00e4isi\u00e4 ja ulkoisia tekij\u00f6it\u00e4. Nykytilanteen mukaisesti otettaisiin huomioon muuttuva toimintaymp\u00e4rist\u00f6, &#8220;kilpailijat&#8221;, sidosryhm\u00e4t, muutamia mainitakseni.<\/p>\n\n\n\n<p>Esimerkiksi toimiessani asukasyhdistyksess\u00e4 yhdeks\u00e4n vuoden ajan, yhdistyksell\u00e4 oli oikeastaan samanlainen toimintasuunnitelma vuodesta toiseen. Sit\u00e4 ei paljonkaan muutettu eik\u00e4 sit\u00e4 my\u00f6sk\u00e4\u00e4n kyseenalaistettu (ei ainakaan \u00e4\u00e4neen). Tutussa ja turvallisessa oli siis helppo pysy\u00e4.<\/p>\n\n\n\n<p>Tosin yhdistyksenkin toimintaymp\u00e4rist\u00f6 muuttuu: ehk\u00e4 rahatilanne on seuraavaa budjettia teht\u00e4ess\u00e4 sellainen, ett\u00e4 yhdityksell\u00e4 ei ole varaa palkata esimerkiksi yhdistyksen toimistosta vastaavaa toimistonhoitajaa seuraavaksi vuodeksi. Toimiessaan esimerkiksi kaupungin alaisessa toimintapaikassa, saattaa kaupunki p\u00e4\u00e4tt\u00e4\u00e4kin, ett\u00e4 seuraavana vuonna toimintapaikan tiloille asetetaankin tilavuokrat. Pienille yhdistykselle pienetkin tilavuokrat saattavat olla iso juttu. T\u00e4ll\u00f6in joudutaan pohtimaan miten toimitaan yhdistyksen toimintojen kanssa. Mist\u00e4 saadaan uudet tilat? Jos uusia tiloja ei saada, joudutaanko toiminto (kerho ym.) lopettamaan? N\u00e4m\u00e4 kaikki vaikuttavat toimintasuunnitelmaan. Se ei voi siis olla vuodesta toiseen kiveenhakattu. Kuten ei my\u00f6sk\u00e4\u00e4n ole yhdistyksen budjetti ja sen laatiminen, siit\u00e4 huolimatta vaikka toimintasuunnitelma pysyisikin muuttumattomana.<\/p>\n\n\n\n<p><strong>Pitk\u00e4n linjan tulevaisuuden kysymyksi\u00e4<\/strong><\/p>\n\n\n\n<ol><li>Millainen on yhdistyksen toimintaymp\u00e4rist\u00f6? Miten ja mihin suuntaan toimintaymp\u00e4rist\u00f6 muuttuu tulevaisuudessa? Mahdollisesti muuttuvan toimintaymp\u00e4rist\u00f6n mukaan voitaisiin luoda erilaisia skenaarioita eli perusteltuja tarinoita tulevaisuudesta.<\/li><li>Mit\u00e4 ovat ne ep\u00e4todenn\u00e4k\u00f6iset, mutta silti mahdolliset tapahtumat, jotka voisivat tapahtua? Mit\u00e4 niiden varalle asetetaan ja mitk\u00e4 saattaisivat olla toimenpiteet?<\/li><li>Miten yhdistys on profiloitunut ja onko yhdistys profiloitunut oikein? Pit\u00e4isik\u00f6 yhdistyksen profiloitua tulevaisuudessa toisin? Ent\u00e4 miten se muuttaisi yhdistyst\u00e4 ja sen suhteita toimintaymp\u00e4rist\u00f6\u00f6n?<\/li><li>Milt\u00e4 yhdistyksen tulevaisuus n\u00e4ytt\u00e4\u00e4 seuraavana vuonna ja seuraavina vuosina, eik\u00e4 t\u00e4ss\u00e4 katsottaisi pelk\u00e4st\u00e4\u00e4n toimintasuunnitelman asetettuihin tavoitteisiin?<\/li><li>Jos yhdistyksen hallitukseen on vaikea saada lis\u00e4\u00e4 toimijoita, miten hallituksen ty\u00f6skentely turvataan seuraavina vuosina?<\/li><li>Jos yhdistys on tuottanut tapahtumia ja toimintojaan t\u00e4h\u00e4n asti tuotantosuuntautuneesti, pit\u00e4isik\u00f6 sen tulevaisuudessa kuunnella enemm\u00e4n asiakkaita ja muuttaa toimintaansa asiakassuuntautuneeksi? Ent\u00e4 miten t\u00e4m\u00e4 tulee mahdollisesti muuttamaan yhdistyksen toimintaa? Voivatko muutokset tulevaisuudessa olla kenties radikaalejakin?<\/li><\/ol>\n\n\n\n<p><strong>L\u00e4hteet:<\/strong><\/p>\n\n\n\n<p>[1] St\u00e5hle, Pirjo &amp; Gr\u00f6nroos, Mauri (1999). Knowledge management &#8211; tietop\u00e4\u00e4oma yrityksen kilpailutekij\u00e4n\u00e4. (sivulta 194)<\/p>\n\n\n\n<p><\/p>\n\n\n\n<p><strong>Kirjoittaja:<\/strong> Samuli Heikkil\u00e4 (C)<\/p>\n","protected":false},"excerpt":{"rendered":"<p>Olin aikoinaan er\u00e4\u00e4n asukasyhdistyksen j\u00e4sen sek\u00e4 aktiivinen toimija yhdeks\u00e4n vuoden ajan. Tuona aikana n\u00e4in yhdistyksen toimintaa monesta eri n\u00e4k\u00f6kulmasta \/ teht\u00e4v\u00e4st\u00e4 k\u00e4sin. Seuraavassa on joitakin omakohtaisia pohdintoja koskien yhdistystoimintaa ja sen kehitt\u00e4mist\u00e4. Yritysten ja yhdistysten tavoitteista sek\u00e4 strategioista Yritykset ja esimerkiksi erilaiset yhdistykset tekev\u00e4t pitk\u00e4n ja lyhyen ajan suunnitelmia ja asettavat my\u00f6s sek\u00e4 pitk\u00e4n ett\u00e4 &hellip;<\/p>\n<p class=\"read-more\"> <a class=\"\" href=\"https:\/\/kaskipaja.net\/kaski\/yhdistystoiminnasta\/\"> <span class=\"screen-reader-text\">Yhdistystoiminnasta<\/span> Read More &raquo;<\/a><\/p>\n","protected":false},"author":1,"featured_media":0,"parent":0,"menu_order":0,"comment_status":"closed","ping_status":"closed","template":"","meta":{"site-sidebar-layout":"default","site-content-layout":"","ast-site-content-layout":"","site-content-style":"default","site-sidebar-style":"default","ast-global-header-display":"","ast-banner-title-visibility":"","ast-main-header-display":"","ast-hfb-above-header-display":"","ast-hfb-below-header-display":"","ast-hfb-mobile-header-display":"","site-post-title":"","ast-breadcrumbs-content":"","ast-featured-img":"","footer-sml-layout":"","theme-transparent-header-meta":"","adv-header-id-meta":"","stick-header-meta":"","header-above-stick-meta":"","header-main-stick-meta":"","header-below-stick-meta":"","astra-migrate-meta-layouts":"","footnotes":""},"_links":{"self":[{"href":"https:\/\/kaskipaja.net\/kaski\/wp-json\/wp\/v2\/pages\/281"}],"collection":[{"href":"https:\/\/kaskipaja.net\/kaski\/wp-json\/wp\/v2\/pages"}],"about":[{"href":"https:\/\/kaskipaja.net\/kaski\/wp-json\/wp\/v2\/types\/page"}],"author":[{"embeddable":true,"href":"https:\/\/kaskipaja.net\/kaski\/wp-json\/wp\/v2\/users\/1"}],"replies":[{"embeddable":true,"href":"https:\/\/kaskipaja.net\/kaski\/wp-json\/wp\/v2\/comments?post=281"}],"version-history":[{"count":0,"href":"https:\/\/kaskipaja.net\/kaski\/wp-json\/wp\/v2\/pages\/281\/revisions"}],"wp:attachment":[{"href":"https:\/\/kaskipaja.net\/kaski\/wp-json\/wp\/v2\/media?parent=281"}],"curies":[{"name":"wp","href":"https:\/\/api.w.org\/{rel}","templated":true}]}}