{"id":440,"date":"2022-05-16T04:50:54","date_gmt":"2022-05-16T04:50:54","guid":{"rendered":"https:\/\/www.kaskipaja.net\/kaskiblogi\/?page_id=440"},"modified":"2022-05-16T04:50:54","modified_gmt":"2022-05-16T04:50:54","slug":"tietoja-tekijasta","status":"publish","type":"page","link":"https:\/\/kaskipaja.net\/kaski\/tietoja-tekijasta\/","title":{"rendered":"Tietoja tekij\u00e4st\u00e4"},"content":{"rendered":"\n<p class=\"has-medium-font-size\">Tietoja tekij\u00e4st\u00e4:<\/p>\n\n\n\n<p>Sivuston tekij\u00e4 ja yll\u00e4pit\u00e4j\u00e4 sek\u00e4 tekstien kirjoittaja: Samuli Heikkil\u00e4, Tampere<\/p>\n","protected":false},"excerpt":{"rendered":"<p>Tietoja tekij\u00e4st\u00e4: Sivuston tekij\u00e4 ja yll\u00e4pit\u00e4j\u00e4 sek\u00e4 tekstien kirjoittaja: Samuli Heikkil\u00e4, Tampere<\/p>\n","protected":false},"author":1,"featured_media":0,"parent":0,"menu_order":0,"comment_status":"closed","ping_status":"closed","template":"","meta":{"site-sidebar-layout":"default","site-content-layout":"","ast-site-content-layout":"","site-content-style":"default","site-sidebar-style":"default","ast-global-header-display":"","ast-banner-title-visibility":"","ast-main-header-display":"","ast-hfb-above-header-display":"","ast-hfb-below-header-display":"","ast-hfb-mobile-header-display":"","site-post-title":"","ast-breadcrumbs-content":"","ast-featured-img":"","footer-sml-layout":"","theme-transparent-header-meta":"","adv-header-id-meta":"","stick-header-meta":"","header-above-stick-meta":"","header-main-stick-meta":"","header-below-stick-meta":"","astra-migrate-meta-layouts":"","footnotes":""},"_links":{"self":[{"href":"https:\/\/kaskipaja.net\/kaski\/wp-json\/wp\/v2\/pages\/440"}],"collection":[{"href":"https:\/\/kaskipaja.net\/kaski\/wp-json\/wp\/v2\/pages"}],"about":[{"href":"https:\/\/kaskipaja.net\/kaski\/wp-json\/wp\/v2\/types\/page"}],"author":[{"embeddable":true,"href":"https:\/\/kaskipaja.net\/kaski\/wp-json\/wp\/v2\/users\/1"}],"replies":[{"embeddable":true,"href":"https:\/\/kaskipaja.net\/kaski\/wp-json\/wp\/v2\/comments?post=440"}],"version-history":[{"count":0,"href":"https:\/\/kaskipaja.net\/kaski\/wp-json\/wp\/v2\/pages\/440\/revisions"}],"wp:attachment":[{"href":"https:\/\/kaskipaja.net\/kaski\/wp-json\/wp\/v2\/media?parent=440"}],"curies":[{"name":"wp","href":"https:\/\/api.w.org\/{rel}","templated":true}]}}